{"id":11391,"date":"2025-01-27T11:17:05","date_gmt":"2025-01-27T09:17:05","guid":{"rendered":"https:\/\/prelive.digifabric.ee\/%d1%81%d0%be%d0%b7%d0%b4%d0%b0%d1%82%d1%8c-%d0%b4%d0%b8%d0%b7%d0%b0%d0%b9%d0%bd\/"},"modified":"2025-04-06T13:43:54","modified_gmt":"2025-04-06T11:43:54","slug":"alusta-disainimist","status":"publish","type":"page","link":"https:\/\/prelive.digifabric.ee\/ru\/alusta-disainimist\/","title":{"rendered":"\u0421\u043e\u0437\u0434\u0430\u0442\u044c \u0434\u0438\u0437\u0430\u0439\u043d"},"content":{"rendered":"<div class=\"wpb-content-wrapper\"><p>[vc_row][vc_column width=&#187;1\/6&#8243;][\/vc_column][vc_column width=&#187;2\/3&#8243;][vc_column_text css=&#187;&#187; woodmart_inline=&#187;no&#187; text_larger=&#187;no&#187;]<\/p>\n<p class=\"\" data-start=\"588\" data-end=\"835\">\u041c\u044b \u0445\u043e\u0442\u0438\u043c \u0432\u044b\u0440\u0430\u0437\u0438\u0442\u044c \u0432\u0430\u0448\u0443 \u043a\u0440\u0435\u0430\u0442\u0438\u0432\u043d\u043e\u0441\u0442\u044c \u0447\u0435\u0440\u0435\u0437 \u043f\u0435\u0440\u0441\u043e\u043d\u0430\u043b\u0438\u0437\u0438\u0440\u043e\u0432\u0430\u043d\u043d\u0443\u044e \u043d\u0430\u043f\u0435\u0447\u0430\u0442\u0430\u043d\u043d\u0443\u044e \u0442\u043a\u0430\u043d\u044c! \u0421 \u043f\u043e\u043c\u043e\u0449\u044c\u044e \u0446\u0438\u0444\u0440\u043e\u0432\u043e\u0439 \u043f\u0435\u0447\u0430\u0442\u0438 \u043c\u044b \u043c\u043e\u0436\u0435\u043c \u0431\u044b\u0441\u0442\u0440\u043e \u043d\u0430\u043f\u0435\u0447\u0430\u0442\u0430\u0442\u044c \u0440\u0430\u0437\u043b\u0438\u0447\u043d\u044b\u0435 \u0443\u0437\u043e\u0440\u044b \u043d\u0430 \u0442\u043a\u0430\u043d\u0438. \u0418\u0441\u043f\u043e\u043b\u044c\u0437\u0443\u0439\u0442\u0435 \u043a\u043d\u043e\u043f\u043a\u0443 \u201c\u0414\u0438\u0437\u0430\u0439\u043d\u0438\u0440\u0443\u0439 \u0441\u0430\u043c\u201d \u0438\u043b\u0438 \u0437\u0430\u0433\u0440\u0443\u0437\u0438\u0442\u0435 \u0444\u0430\u0439\u043b \u0434\u043b\u044f \u043f\u0435\u0447\u0430\u0442\u0438 (\u043c\u0438\u043d\u0438\u043c\u0443\u043c 300 dpi).<\/p>\n<p><\/p>\n<p class=\"\" data-start=\"837\" data-end=\"1075\">\u0412\u044b\u0431\u0435\u0440\u0438\u0442\u0435 \u043f\u043e\u0434\u0445\u043e\u0434\u044f\u0449\u0443\u044e \u0442\u043a\u0430\u043d\u044c \u0438\u0437 \u043d\u0430\u0448\u0435\u0433\u043e \u0430\u0441\u0441\u043e\u0440\u0442\u0438\u043c\u0435\u043d\u0442\u0430 \u2013 \u043c\u044b \u043f\u0440\u0435\u0434\u043b\u0430\u0433\u0430\u0435\u043c <strong data-start=\"902\" data-end=\"927\">\u0445\u043b\u043e\u043f\u043e\u043a, \u0432\u0438\u0441\u043a\u043e\u0437\u0443 \u0438 \u043b\u0435\u043d<\/strong>, \u043c\u0430\u043a\u0441\u0438\u043c\u0430\u043b\u044c\u043d\u0430\u044f \u0448\u0438\u0440\u0438\u043d\u0430 <strong data-start=\"949\" data-end=\"959\">160 \u0441\u043c<\/strong>. \u041c\u0438\u043d\u0438\u043c\u0430\u043b\u044c\u043d\u044b\u0439 \u0437\u0430\u043a\u0430\u0437 \u2013 <strong data-start=\"981\" data-end=\"988\">3 \u043c<\/strong>. \u0414\u043b\u044f \u0437\u0430\u043a\u0430\u0437\u043e\u0432 \u0431\u043e\u043b\u0435\u0435 <strong data-start=\"1008\" data-end=\"1021\">30 \u043c\u0435\u0442\u0440\u043e\u0432<\/strong> \u0442\u043a\u0430\u043d\u0438 \u043c\u044b \u043f\u0440\u0435\u0434\u043e\u0441\u0442\u0430\u0432\u0438\u043c \u043f\u0435\u0440\u0441\u043e\u043d\u0430\u043b\u0438\u0437\u0438\u0440\u043e\u0432\u0430\u043d\u043d\u043e\u0435 \u043f\u0440\u0435\u0434\u043b\u043e\u0436\u0435\u043d\u0438\u0435!<\/p>\n<p>[\/vc_column_text]\n\t\t<div id=\"wd-67b364d3d916c\" class=\"title-wrapper wd-wpb set-mb-s reset-last-child  wd-rs-67b364d3d916c wd-title-color-default wd-title-style-default text-center  wd-underline-colored\">\n\t\t\t\n\t\t\t<div class=\"liner-continer\">\n\t\t\t\t<h4 class=\"woodmart-title-container title  wd-font-weight- wd-fontsize-l\" >\u041a\u043e\u043b\u0438\u0447\u0435\u0441\u0442\u0432\u043e \u043f\u0435\u0447\u0430\u0442\u043d\u044b\u0445 \u0443\u0437\u043e\u0440\u043e\u0432 \u0432 \u0437\u0430\u0432\u0438\u0441\u0438\u043c\u043e\u0441\u0442\u0438 \u043e\u0442 \u043e\u0431\u044a\u0435\u043c\u0430 \u0442\u043a\u0430\u043d\u0438<\/h4>\n\t\t\t\t\t\t\t<\/div>\n\t\t\t\n\t\t\t\n\t\t\t\n\t\t<\/div>\n\t\t\n\t\t\t\t<div class=\"wd-wpb wd-rs-67b3649e6de67\">\n\t\t\t<div class=\"wd-el-table-wrap wd-reset-all-last\">\n\t\t\t\t<table class=\"wd-el-table\">\n\t\t\t\t\t<tbody class=\"text-left\">\n\t\t\t\t\t<\/p>\n<p class=\"\" data-start=\"588\" data-end=\"835\">\u041c\u044b \u0445\u043e\u0442\u0438\u043c \u0432\u044b\u0440\u0430\u0437\u0438\u0442\u044c \u0432\u0430\u0448\u0443 \u043a\u0440\u0435\u0430\u0442\u0438\u0432\u043d\u043e\u0441\u0442\u044c \u0447\u0435\u0440\u0435\u0437 \u043f\u0435\u0440\u0441\u043e\u043d\u0430\u043b\u0438\u0437\u0438\u0440\u043e\u0432\u0430\u043d\u043d\u0443\u044e \u043d\u0430\u043f\u0435\u0447\u0430\u0442\u0430\u043d\u043d\u0443\u044e \u0442\u043a\u0430\u043d\u044c! \u0421 \u043f\u043e\u043c\u043e\u0449\u044c\u044e \u0446\u0438\u0444\u0440\u043e\u0432\u043e\u0439 \u043f\u0435\u0447\u0430\u0442\u0438 \u043c\u044b \u043c\u043e\u0436\u0435\u043c \u0431\u044b\u0441\u0442\u0440\u043e \u043d\u0430\u043f\u0435\u0447\u0430\u0442\u0430\u0442\u044c \u0440\u0430\u0437\u043b\u0438\u0447\u043d\u044b\u0435 \u0443\u0437\u043e\u0440\u044b \u043d\u0430 \u0442\u043a\u0430\u043d\u0438. \u0418\u0441\u043f\u043e\u043b\u044c\u0437\u0443\u0439\u0442\u0435 \u043a\u043d\u043e\u043f\u043a\u0443 \u201c\u0414\u0438\u0437\u0430\u0439\u043d\u0438\u0440\u0443\u0439 \u0441\u0430\u043c\u201d \u0438\u043b\u0438 \u0437\u0430\u0433\u0440\u0443\u0437\u0438\u0442\u0435 \u0444\u0430\u0439\u043b \u0434\u043b\u044f \u043f\u0435\u0447\u0430\u0442\u0438 (\u043c\u0438\u043d\u0438\u043c\u0443\u043c 300 dpi).<\/p>\n<p><\/p>\n<p class=\"\" data-start=\"837\" data-end=\"1075\">\u0412\u044b\u0431\u0435\u0440\u0438\u0442\u0435 \u043f\u043e\u0434\u0445\u043e\u0434\u044f\u0449\u0443\u044e \u0442\u043a\u0430\u043d\u044c \u0438\u0437 \u043d\u0430\u0448\u0435\u0433\u043e \u0430\u0441\u0441\u043e\u0440\u0442\u0438\u043c\u0435\u043d\u0442\u0430 \u2013 \u043c\u044b \u043f\u0440\u0435\u0434\u043b\u0430\u0433\u0430\u0435\u043c <strong data-start=\"902\" data-end=\"927\">\u0445\u043b\u043e\u043f\u043e\u043a, \u0432\u0438\u0441\u043a\u043e\u0437\u0443 \u0438 \u043b\u0435\u043d<\/strong>, \u043c\u0430\u043a\u0441\u0438\u043c\u0430\u043b\u044c\u043d\u0430\u044f \u0448\u0438\u0440\u0438\u043d\u0430 <strong data-start=\"949\" data-end=\"959\">160 \u0441\u043c<\/strong>. \u041c\u0438\u043d\u0438\u043c\u0430\u043b\u044c\u043d\u044b\u0439 \u0437\u0430\u043a\u0430\u0437 \u2013 <strong data-start=\"981\" data-end=\"988\">3 \u043c<\/strong>. \u0414\u043b\u044f \u0437\u0430\u043a\u0430\u0437\u043e\u0432 \u0431\u043e\u043b\u0435\u0435 <strong data-start=\"1008\" data-end=\"1021\">30 \u043c\u0435\u0442\u0440\u043e\u0432<\/strong> \u0442\u043a\u0430\u043d\u0438 \u043c\u044b \u043f\u0440\u0435\u0434\u043e\u0441\u0442\u0430\u0432\u0438\u043c \u043f\u0435\u0440\u0441\u043e\u043d\u0430\u043b\u0438\u0437\u0438\u0440\u043e\u0432\u0430\u043d\u043d\u043e\u0435 \u043f\u0440\u0435\u0434\u043b\u043e\u0436\u0435\u043d\u0438\u0435!<\/p>\n<p>\t\t\t\t\t<\/tbody>\n\t\t\t\t<\/table>\n\t\t\t<\/div>\n\t\t<\/div>\n\t\t[\/vc_column][vc_column width=&#187;1\/6&#8243;][\/vc_column][\/vc_row]<\/p>\n<\/div>","protected":false},"excerpt":{"rendered":"<p>[vc_row][vc_column width=&#187;1\/6&#8243;][\/vc_column][vc_column width=&#187;2\/3&#8243;][vc_column_text css=&#187;&#187; woodmart_inline=&#187;no&#187; text_larger=&#187;no&#187;] \u041c\u044b \u0445\u043e\u0442\u0438\u043c \u0432\u044b\u0440\u0430\u0437\u0438\u0442\u044c \u0432\u0430\u0448\u0443 \u043a\u0440\u0435\u0430\u0442\u0438\u0432\u043d\u043e\u0441\u0442\u044c \u0447\u0435\u0440\u0435\u0437 \u043f\u0435\u0440\u0441\u043e\u043d\u0430\u043b\u0438\u0437\u0438\u0440\u043e\u0432\u0430\u043d\u043d\u0443\u044e \u043d\u0430\u043f\u0435\u0447\u0430\u0442\u0430\u043d\u043d\u0443\u044e \u0442\u043a\u0430\u043d\u044c! \u0421 \u043f\u043e\u043c\u043e\u0449\u044c\u044e \u0446\u0438\u0444\u0440\u043e\u0432\u043e\u0439 \u043f\u0435\u0447\u0430\u0442\u0438 \u043c\u044b<\/p>\n","protected":false},"author":1,"featured_media":0,"parent":0,"menu_order":0,"comment_status":"closed","ping_status":"closed","template":"","meta":{"_acf_changed":false,"footnotes":""},"class_list":["post-11391","page","type-page","status-publish","hentry"],"acf":[],"yoast_head":"<!-- This site is optimized with the Yoast SEO plugin v25.1 - https:\/\/yoast.com\/wordpress\/plugins\/seo\/ -->\n<title>\u0421\u043e\u0437\u0434\u0430\u0442\u044c \u0434\u0438\u0437\u0430\u0439\u043d - Digifabric - Digitr\u00fcki t\u00f6\u00f6koda<\/title>\n<meta name=\"robots\" content=\"noindex, follow, max-snippet:-1, max-image-preview:large, max-video-preview:-1\" \/>\n<meta property=\"og:locale\" content=\"ru_RU\" \/>\n<meta property=\"og:type\" content=\"article\" \/>\n<meta property=\"og:title\" content=\"\u0421\u043e\u0437\u0434\u0430\u0442\u044c \u0434\u0438\u0437\u0430\u0439\u043d - Digifabric - Digitr\u00fcki t\u00f6\u00f6koda\" \/>\n<meta property=\"og:description\" content=\"[vc_row][vc_column width=&#187;1\/6&#8243;][\/vc_column][vc_column width=&#187;2\/3&#8243;][vc_column_text css=&#187;&#187; woodmart_inline=&#187;no&#187; text_larger=&#187;no&#187;] \u041c\u044b \u0445\u043e\u0442\u0438\u043c \u0432\u044b\u0440\u0430\u0437\u0438\u0442\u044c \u0432\u0430\u0448\u0443 \u043a\u0440\u0435\u0430\u0442\u0438\u0432\u043d\u043e\u0441\u0442\u044c \u0447\u0435\u0440\u0435\u0437 \u043f\u0435\u0440\u0441\u043e\u043d\u0430\u043b\u0438\u0437\u0438\u0440\u043e\u0432\u0430\u043d\u043d\u0443\u044e \u043d\u0430\u043f\u0435\u0447\u0430\u0442\u0430\u043d\u043d\u0443\u044e \u0442\u043a\u0430\u043d\u044c! \u0421 \u043f\u043e\u043c\u043e\u0449\u044c\u044e \u0446\u0438\u0444\u0440\u043e\u0432\u043e\u0439 \u043f\u0435\u0447\u0430\u0442\u0438 \u043c\u044b\" \/>\n<meta property=\"og:url\" content=\"https:\/\/prelive.digifabric.ee\/ru\/alusta-disainimist\/\" \/>\n<meta property=\"og:site_name\" content=\"Digifabric - Digitr\u00fcki t\u00f6\u00f6koda\" \/>\n<meta property=\"article:modified_time\" content=\"2025-04-06T11:43:54+00:00\" \/>\n<meta name=\"twitter:card\" content=\"summary_large_image\" \/>\n<meta name=\"twitter:label1\" content=\"\u041f\u0440\u0438\u043c\u0435\u0440\u043d\u043e\u0435 \u0432\u0440\u0435\u043c\u044f \u0434\u043b\u044f \u0447\u0442\u0435\u043d\u0438\u044f\" \/>\n\t<meta name=\"twitter:data1\" content=\"1 \u043c\u0438\u043d\u0443\u0442\u0430\" \/>\n<script type=\"application\/ld+json\" class=\"yoast-schema-graph\">{\"@context\":\"https:\/\/schema.org\",\"@graph\":[{\"@type\":\"WebPage\",\"@id\":\"https:\/\/prelive.digifabric.ee\/ru\/alusta-disainimist\/\",\"url\":\"https:\/\/prelive.digifabric.ee\/ru\/alusta-disainimist\/\",\"name\":\"\u0421\u043e\u0437\u0434\u0430\u0442\u044c \u0434\u0438\u0437\u0430\u0439\u043d - Digifabric - Digitr\u00fcki t\u00f6\u00f6koda\",\"isPartOf\":{\"@id\":\"https:\/\/prelive.digifabric.ee\/#website\"},\"datePublished\":\"2025-01-27T09:17:05+00:00\",\"dateModified\":\"2025-04-06T11:43:54+00:00\",\"breadcrumb\":{\"@id\":\"https:\/\/prelive.digifabric.ee\/ru\/alusta-disainimist\/#breadcrumb\"},\"inLanguage\":\"ru-RU\",\"potentialAction\":[{\"@type\":\"ReadAction\",\"target\":[\"https:\/\/prelive.digifabric.ee\/ru\/alusta-disainimist\/\"]}]},{\"@type\":\"BreadcrumbList\",\"@id\":\"https:\/\/prelive.digifabric.ee\/ru\/alusta-disainimist\/#breadcrumb\",\"itemListElement\":[{\"@type\":\"ListItem\",\"position\":1,\"name\":\"Home\",\"item\":\"https:\/\/prelive.digifabric.ee\/ru\/home-fashion-flat\/\"},{\"@type\":\"ListItem\",\"position\":2,\"name\":\"\u0421\u043e\u0437\u0434\u0430\u0442\u044c \u0434\u0438\u0437\u0430\u0439\u043d\"}]},{\"@type\":\"WebSite\",\"@id\":\"https:\/\/prelive.digifabric.ee\/#website\",\"url\":\"https:\/\/prelive.digifabric.ee\/\",\"name\":\"Digifabric - Digitr\u00fcki t\u00f6\u00f6koda\",\"description\":\"\",\"publisher\":{\"@id\":\"https:\/\/prelive.digifabric.ee\/#organization\"},\"potentialAction\":[{\"@type\":\"SearchAction\",\"target\":{\"@type\":\"EntryPoint\",\"urlTemplate\":\"https:\/\/prelive.digifabric.ee\/?s={search_term_string}\"},\"query-input\":{\"@type\":\"PropertyValueSpecification\",\"valueRequired\":true,\"valueName\":\"search_term_string\"}}],\"inLanguage\":\"ru-RU\"},{\"@type\":\"Organization\",\"@id\":\"https:\/\/prelive.digifabric.ee\/#organization\",\"name\":\"Digifabric - Digitr\u00fcki t\u00f6\u00f6koda\",\"url\":\"https:\/\/prelive.digifabric.ee\/\",\"logo\":{\"@type\":\"ImageObject\",\"inLanguage\":\"ru-RU\",\"@id\":\"https:\/\/prelive.digifabric.ee\/#\/schema\/logo\/image\/\",\"url\":\"https:\/\/prelive.digifabric.ee\/wp-content\/uploads\/2025\/02\/LOGO-2-e1739801915824.png\",\"contentUrl\":\"https:\/\/prelive.digifabric.ee\/wp-content\/uploads\/2025\/02\/LOGO-2-e1739801915824.png\",\"width\":2160,\"height\":1577,\"caption\":\"Digifabric - Digitr\u00fcki t\u00f6\u00f6koda\"},\"image\":{\"@id\":\"https:\/\/prelive.digifabric.ee\/#\/schema\/logo\/image\/\"}}]}<\/script>\n<!-- \/ Yoast SEO plugin. -->","yoast_head_json":{"title":"\u0421\u043e\u0437\u0434\u0430\u0442\u044c \u0434\u0438\u0437\u0430\u0439\u043d - Digifabric - Digitr\u00fcki t\u00f6\u00f6koda","robots":{"index":"noindex","follow":"follow","max-snippet":"max-snippet:-1","max-image-preview":"max-image-preview:large","max-video-preview":"max-video-preview:-1"},"og_locale":"ru_RU","og_type":"article","og_title":"\u0421\u043e\u0437\u0434\u0430\u0442\u044c \u0434\u0438\u0437\u0430\u0439\u043d - Digifabric - Digitr\u00fcki t\u00f6\u00f6koda","og_description":"[vc_row][vc_column width=&#187;1\/6&#8243;][\/vc_column][vc_column width=&#187;2\/3&#8243;][vc_column_text css=&#187;&#187; woodmart_inline=&#187;no&#187; text_larger=&#187;no&#187;] \u041c\u044b \u0445\u043e\u0442\u0438\u043c \u0432\u044b\u0440\u0430\u0437\u0438\u0442\u044c \u0432\u0430\u0448\u0443 \u043a\u0440\u0435\u0430\u0442\u0438\u0432\u043d\u043e\u0441\u0442\u044c \u0447\u0435\u0440\u0435\u0437 \u043f\u0435\u0440\u0441\u043e\u043d\u0430\u043b\u0438\u0437\u0438\u0440\u043e\u0432\u0430\u043d\u043d\u0443\u044e \u043d\u0430\u043f\u0435\u0447\u0430\u0442\u0430\u043d\u043d\u0443\u044e \u0442\u043a\u0430\u043d\u044c! \u0421 \u043f\u043e\u043c\u043e\u0449\u044c\u044e \u0446\u0438\u0444\u0440\u043e\u0432\u043e\u0439 \u043f\u0435\u0447\u0430\u0442\u0438 \u043c\u044b","og_url":"https:\/\/prelive.digifabric.ee\/ru\/alusta-disainimist\/","og_site_name":"Digifabric - Digitr\u00fcki t\u00f6\u00f6koda","article_modified_time":"2025-04-06T11:43:54+00:00","twitter_card":"summary_large_image","twitter_misc":{"\u041f\u0440\u0438\u043c\u0435\u0440\u043d\u043e\u0435 \u0432\u0440\u0435\u043c\u044f \u0434\u043b\u044f \u0447\u0442\u0435\u043d\u0438\u044f":"1 \u043c\u0438\u043d\u0443\u0442\u0430"},"schema":{"@context":"https:\/\/schema.org","@graph":[{"@type":"WebPage","@id":"https:\/\/prelive.digifabric.ee\/ru\/alusta-disainimist\/","url":"https:\/\/prelive.digifabric.ee\/ru\/alusta-disainimist\/","name":"\u0421\u043e\u0437\u0434\u0430\u0442\u044c \u0434\u0438\u0437\u0430\u0439\u043d - Digifabric - Digitr\u00fcki t\u00f6\u00f6koda","isPartOf":{"@id":"https:\/\/prelive.digifabric.ee\/#website"},"datePublished":"2025-01-27T09:17:05+00:00","dateModified":"2025-04-06T11:43:54+00:00","breadcrumb":{"@id":"https:\/\/prelive.digifabric.ee\/ru\/alusta-disainimist\/#breadcrumb"},"inLanguage":"ru-RU","potentialAction":[{"@type":"ReadAction","target":["https:\/\/prelive.digifabric.ee\/ru\/alusta-disainimist\/"]}]},{"@type":"BreadcrumbList","@id":"https:\/\/prelive.digifabric.ee\/ru\/alusta-disainimist\/#breadcrumb","itemListElement":[{"@type":"ListItem","position":1,"name":"Home","item":"https:\/\/prelive.digifabric.ee\/ru\/home-fashion-flat\/"},{"@type":"ListItem","position":2,"name":"\u0421\u043e\u0437\u0434\u0430\u0442\u044c \u0434\u0438\u0437\u0430\u0439\u043d"}]},{"@type":"WebSite","@id":"https:\/\/prelive.digifabric.ee\/#website","url":"https:\/\/prelive.digifabric.ee\/","name":"Digifabric - Digitr\u00fcki t\u00f6\u00f6koda","description":"","publisher":{"@id":"https:\/\/prelive.digifabric.ee\/#organization"},"potentialAction":[{"@type":"SearchAction","target":{"@type":"EntryPoint","urlTemplate":"https:\/\/prelive.digifabric.ee\/?s={search_term_string}"},"query-input":{"@type":"PropertyValueSpecification","valueRequired":true,"valueName":"search_term_string"}}],"inLanguage":"ru-RU"},{"@type":"Organization","@id":"https:\/\/prelive.digifabric.ee\/#organization","name":"Digifabric - Digitr\u00fcki t\u00f6\u00f6koda","url":"https:\/\/prelive.digifabric.ee\/","logo":{"@type":"ImageObject","inLanguage":"ru-RU","@id":"https:\/\/prelive.digifabric.ee\/#\/schema\/logo\/image\/","url":"https:\/\/prelive.digifabric.ee\/wp-content\/uploads\/2025\/02\/LOGO-2-e1739801915824.png","contentUrl":"https:\/\/prelive.digifabric.ee\/wp-content\/uploads\/2025\/02\/LOGO-2-e1739801915824.png","width":2160,"height":1577,"caption":"Digifabric - Digitr\u00fcki t\u00f6\u00f6koda"},"image":{"@id":"https:\/\/prelive.digifabric.ee\/#\/schema\/logo\/image\/"}}]}},"_links":{"self":[{"href":"https:\/\/prelive.digifabric.ee\/ru\/wp-json\/wp\/v2\/pages\/11391","targetHints":{"allow":["GET"]}}],"collection":[{"href":"https:\/\/prelive.digifabric.ee\/ru\/wp-json\/wp\/v2\/pages"}],"about":[{"href":"https:\/\/prelive.digifabric.ee\/ru\/wp-json\/wp\/v2\/types\/page"}],"author":[{"embeddable":true,"href":"https:\/\/prelive.digifabric.ee\/ru\/wp-json\/wp\/v2\/users\/1"}],"replies":[{"embeddable":true,"href":"https:\/\/prelive.digifabric.ee\/ru\/wp-json\/wp\/v2\/comments?post=11391"}],"version-history":[{"count":2,"href":"https:\/\/prelive.digifabric.ee\/ru\/wp-json\/wp\/v2\/pages\/11391\/revisions"}],"predecessor-version":[{"id":11393,"href":"https:\/\/prelive.digifabric.ee\/ru\/wp-json\/wp\/v2\/pages\/11391\/revisions\/11393"}],"wp:attachment":[{"href":"https:\/\/prelive.digifabric.ee\/ru\/wp-json\/wp\/v2\/media?parent=11391"}],"curies":[{"name":"wp","href":"https:\/\/api.w.org\/{rel}","templated":true}]}}