{"id":11340,"date":"2021-08-25T09:00:10","date_gmt":"2021-08-25T07:00:10","guid":{"rendered":"https:\/\/prelive.digifabric.ee\/%d0%ba%d0%be%d0%bd%d1%82%d0%b0%d0%ba%d1%82%d1%8b\/"},"modified":"2025-04-06T12:09:42","modified_gmt":"2025-04-06T10:09:42","slug":"kontakt","status":"publish","type":"page","link":"https:\/\/prelive.digifabric.ee\/ru\/kontakt\/","title":{"rendered":"\u041a\u043e\u043d\u0442\u0430\u043a\u0442\u044b"},"content":{"rendered":"<div class=\"wpb-content-wrapper\"><p>[vc_row equal_height=&#187;yes&#187; css_animation=&#187;none&#187; responsive_tabs_advanced=&#187;mobile&#187; css=&#187;.vc_custom_1743618622355{margin-right: -50px !important;margin-left: -50px !important;}&#187; woodmart_css_id=&#187;67ed8229e5207&#8243; responsive_spacing=&#187;eyJwYXJhbV90eXBlIjoid29vZG1hcnRfcmVzcG9uc2l2ZV9zcGFjaW5nIiwic2VsZWN0b3JfaWQiOiI2N2VkODIyOWU1MjA3Iiwic2hvcnRjb2RlIjoidmNfcm93IiwiZGF0YSI6eyJ0YWJsZXQiOnt9LCJtb2JpbGUiOnt9fX0=&#187; mobile_bg_img_hidden=&#187;no&#187; tablet_bg_img_hidden=&#187;no&#187; woodmart_parallax=&#187;0&#8243; woodmart_gradient_switch=&#187;no&#187; woodmart_box_shadow=&#187;no&#187; wd_z_index=&#187;no&#187; woodmart_disable_overflow=&#187;0&#8243; row_reverse_mobile=&#187;1&#8243; row_reverse_tablet=&#187;1&#8243;][vc_column css=&#187;.vc_custom_1496927710186{border-right-width: 1px !important;padding-top: 20px !important;padding-right: 50px !important;padding-bottom: 10px !important;padding-left: 50px !important;border-right-color: #e8e8e8 !important;border-right-style: solid !important;}&#187; offset=&#187;vc_col-lg-6 vc_col-md-6&#8243;]\n\t\t<div id=\"wd-679748611c36f\" class=\"title-wrapper wd-wpb set-mb-s reset-last-child  wd-rs-679748611c36f wd-title-color-default wd-title-style-default text-left  wd-underline-colored\">\n\t\t\t\n\t\t\t<div class=\"liner-continer\">\n\t\t\t\t<h4 class=\"woodmart-title-container title  wd-font-weight- wd-fontsize-l\" >\u041e\u0411\u0429\u0418\u0415 \u0414\u0410\u041d\u041d\u042b\u0415<\/h4>\n\t\t\t\t\t\t\t<\/div>\n\t\t\t\n\t\t\t\t\t\t\t<div class=\"title-after_title  set-cont-mb-s reset-last-child  wd-fontsize-xs\">\u0421\u0430\u0439\u0442 digifabric.ee \u043f\u0440\u0438\u043d\u0430\u0434\u043b\u0435\u0436\u0438\u0442 Traux O\u00dc. \u041a\u043e\u043c\u043f\u0430\u043d\u0438\u044f \u0437\u0430\u0440\u0435\u0433\u0438\u0441\u0442\u0440\u0438\u0440\u043e\u0432\u0430\u043d\u0430 \u0432 \u042d\u0441\u0442\u043e\u043d\u0438\u0438.<\/div>\n\t\t\t\n\t\t\t\n\t\t<\/div>\n\t\t\n\t\t\n\t\t<ul class=\" wd-rs-67b49de7e68db wd-list wd-wpb color-scheme- wd-fontsize-xs wd-list-type-icon wd-list-style-default wd-justify-left \" id=\"wd-67b49de7e68db\">\n\t\t\t\t\t\t\t\t\t\t\t<li>\n\t\t\t\t\t<span class=\"list-icon wd-icon fas fa-building\"><\/span>\n\t\t\t\t\t<span class=\"list-content\">\u0424\u0438\u0440\u043c\u0430: Traux O\u00dc<\/span>\n\t\t\t\t\t\t\t\t\t<\/li>\n\t\t\t\t\t<\/ul>\n\t\t\n\t\t<ul class=\" wd-rs-67b49dc57856d wd-list wd-wpb color-scheme- wd-fontsize-xs wd-list-type-icon wd-list-style-default wd-justify-left \" id=\"wd-67b49dc57856d\">\n\t\t\t\t\t\t\t\t\t\t\t<li>\n\t\t\t\t\t<span class=\"list-icon wd-icon fas fa-briefcase\"><\/span>\n\t\t\t\t\t<span class=\"list-content\">\u0420\u0435\u0433. \u043a\u043e\u0434: 14657726<\/span>\n\t\t\t\t\t\t\t\t\t<\/li>\n\t\t\t\t\t<\/ul>\n\t\t\n\t\t<ul class=\" wd-rs-67b49dd89fdc8 wd-list wd-wpb color-scheme- wd-fontsize-xs wd-list-type-icon wd-list-style-default wd-justify-left \" id=\"wd-67b49dd89fdc8\">\n\t\t\t\t\t\t\t\t\t\t\t<li>\n\t\t\t\t\t<span class=\"list-icon wd-icon fas fa-building\"><\/span>\n\t\t\t\t\t<span class=\"list-content\">\u0410\u0434\u0440\u0435\u0441: Sooserva, Neeruti k\u00fcla, Otep\u00e4\u00e4 vald, Valgamaa 67505<\/span>\n\t\t\t\t\t\t\t\t\t<\/li>\n\t\t\t\t\t<\/ul>\n\t\t\n\t\t<ul class=\" wd-rs-67b49ddfcc432 wd-list wd-wpb color-scheme- wd-fontsize-xs wd-list-type-icon wd-list-style-default wd-justify-left \" id=\"wd-67b49ddfcc432\">\n\t\t\t\t\t\t\t\t\t\t\t<li>\n\t\t\t\t\t<span class=\"list-icon wd-icon fas fa-coins\"><\/span>\n\t\t\t\t\t<span class=\"list-content\">\u0418\u041d\u041d.: 102792177<\/span>\n\t\t\t\t\t\t\t\t\t<\/li>\n\t\t\t\t\t<\/ul>\n\t\t[\/vc_column][vc_column css=&#187;.vc_custom_1496927688909{padding-top: 20px !important;padding-right: 50px !important;padding-bottom: 10px !important;padding-left: 50px !important;}&#187; offset=&#187;vc_col-lg-6 vc_col-md-6&#8243;]\n\t\t<div id=\"wd-67eaf267f2ded\" class=\"title-wrapper wd-wpb set-mb-s reset-last-child  wd-rs-67eaf267f2ded wd-title-color-default wd-title-style-default text-left  wd-underline-colored\">\n\t\t\t\n\t\t\t<div class=\"liner-continer\">\n\t\t\t\t<h4 class=\"woodmart-title-container title  wd-font-weight- wd-fontsize-l\" >\u0421\u0412\u042f\u0416\u0418\u0422\u0415\u0421\u042c \u0421 \u041d\u0410\u041c\u0418<\/h4>\n\t\t\t\t\t\t\t<\/div>\n\t\t\t\n\t\t\t\n\t\t\t\n\t\t<\/div>\n\t\t\n\t\t\n<div class=\"wpcf7 no-js\" id=\"wpcf7-f11673-o1\" lang=\"ru-RU\" dir=\"ltr\" data-wpcf7-id=\"11673\">\n<div class=\"screen-reader-response\"><p role=\"status\" aria-live=\"polite\" aria-atomic=\"true\"><\/p> <ul><\/ul><\/div>\n<form action=\"\/ru\/wp-json\/wp\/v2\/pages\/11340#wpcf7-f11673-o1\" method=\"post\" class=\"wpcf7-form init\" aria-label=\"\u041a\u043e\u043d\u0442\u0430\u043a\u0442\u043d\u0430\u044f \u0444\u043e\u0440\u043c\u0430\" novalidate=\"novalidate\" data-status=\"init\">\n<div style=\"display: none;\">\n<input type=\"hidden\" name=\"_wpcf7\" value=\"11673\" \/>\n<input type=\"hidden\" name=\"_wpcf7_version\" value=\"6.0.6\" \/>\n<input type=\"hidden\" name=\"_wpcf7_locale\" value=\"ru_RU\" \/>\n<input type=\"hidden\" name=\"_wpcf7_unit_tag\" value=\"wpcf7-f11673-o1\" \/>\n<input type=\"hidden\" name=\"_wpcf7_container_post\" value=\"0\" \/>\n<input type=\"hidden\" name=\"_wpcf7_posted_data_hash\" value=\"\" \/>\n<\/div>\n<div class=\"row\">\n\t<p class=\"col-md-6\"><label>\u0418\u043c\u044f<\/label><span class=\"wpcf7-form-control-wrap\" data-name=\"your-name\"><input size=\"40\" maxlength=\"400\" class=\"wpcf7-form-control wpcf7-text wpcf7-validates-as-required\" aria-required=\"true\" aria-invalid=\"false\" value=\"\" type=\"text\" name=\"your-name\" \/><\/span>\n\t<\/p>\n\t<p class=\"col-md-6\"><label>\u042d\u043b\u0435\u043a\u0442\u0440\u043e\u043d\u043d\u0430\u044f \u043f\u043e\u0447\u0442\u0430<\/label><span class=\"wpcf7-form-control-wrap\" data-name=\"your-email\"><input size=\"40\" maxlength=\"400\" class=\"wpcf7-form-control wpcf7-email wpcf7-validates-as-required wpcf7-text wpcf7-validates-as-email\" aria-required=\"true\" aria-invalid=\"false\" value=\"\" type=\"email\" name=\"your-email\" \/><\/span>\n\t<\/p>\n<\/div>\n<div class=\"row\">\n\t<p class=\"col-md-6\"><label>\u0422\u0435\u043b\u0435\u0444\u043e\u043d<\/label><span class=\"wpcf7-form-control-wrap\" data-name=\"tel-767\"><input size=\"40\" maxlength=\"400\" class=\"wpcf7-form-control wpcf7-tel wpcf7-text wpcf7-validates-as-tel\" aria-invalid=\"false\" value=\"\" type=\"tel\" name=\"tel-767\" \/><\/span>\n\t<\/p>\n\t<p class=\"col-md-6\"><label>\u041a\u043e\u043c\u043f\u0430\u043d\u0438\u044f<\/label><span class=\"wpcf7-form-control-wrap\" data-name=\"text-1\"><input size=\"40\" maxlength=\"400\" class=\"wpcf7-form-control wpcf7-text\" aria-invalid=\"false\" value=\"\" type=\"text\" name=\"text-1\" \/><\/span>\n\t<\/p>\n<\/div>\n<p><label>\u0421\u043e\u043e\u0431\u0449\u0435\u043d\u0438\u0435<\/label><span class=\"wpcf7-form-control-wrap\" data-name=\"your-message\"><textarea cols=\"40\" rows=\"10\" maxlength=\"2000\" class=\"wpcf7-form-control wpcf7-textarea\" aria-invalid=\"false\" name=\"your-message\"><\/textarea><\/span>\n<\/p>\n<p><input class=\"wpcf7-form-control wpcf7-submit has-spinner btn-color-black\" type=\"submit\" value=\"\u0417\u0410\u0414\u0410\u0422\u042c \u0412\u041e\u041f\u0420\u041e\u0421\" \/>\n<\/p><div class=\"wpcf7-response-output\" aria-hidden=\"true\"><\/div>\n<\/form>\n<\/div>\n[\/vc_column][\/vc_row]<\/p>\n<\/div>","protected":false},"excerpt":{"rendered":"<p>[vc_row equal_height=&#187;yes&#187; css_animation=&#187;none&#187; responsive_tabs_advanced=&#187;mobile&#187; css=&#187;.vc_custom_1743618622355{margin-right: -50px !important;margin-left: -50px !important;}&#187; woodmart_css_id=&#187;67ed8229e5207&#8243; responsive_spacing=&#187;eyJwYXJhbV90eXBlIjoid29vZG1hcnRfcmVzcG9uc2l2ZV9zcGFjaW5nIiwic2VsZWN0b3JfaWQiOiI2N2VkODIyOWU1MjA3Iiwic2hvcnRjb2RlIjoidmNfcm93IiwiZGF0YSI6eyJ0YWJsZXQiOnt9LCJtb2JpbGUiOnt9fX0=&#187; mobile_bg_img_hidden=&#187;no&#187; tablet_bg_img_hidden=&#187;no&#187; woodmart_parallax=&#187;0&#8243; woodmart_gradient_switch=&#187;no&#187; woodmart_box_shadow=&#187;no&#187; wd_z_index=&#187;no&#187; woodmart_disable_overflow=&#187;0&#8243; row_reverse_mobile=&#187;1&#8243; row_reverse_tablet=&#187;1&#8243;][vc_column<\/p>\n","protected":false},"author":1,"featured_media":0,"parent":0,"menu_order":0,"comment_status":"closed","ping_status":"closed","template":"","meta":{"_acf_changed":false,"footnotes":""},"class_list":["post-11340","page","type-page","status-publish","hentry"],"acf":[],"yoast_head":"<!-- This site is optimized with the Yoast SEO plugin v25.1 - https:\/\/yoast.com\/wordpress\/plugins\/seo\/ -->\n<title>\u041a\u043e\u043d\u0442\u0430\u043a\u0442\u044b - Digifabric - Digitr\u00fcki t\u00f6\u00f6koda<\/title>\n<meta name=\"robots\" content=\"noindex, follow, max-snippet:-1, max-image-preview:large, max-video-preview:-1\" \/>\n<meta property=\"og:locale\" content=\"ru_RU\" \/>\n<meta property=\"og:type\" content=\"article\" \/>\n<meta property=\"og:title\" content=\"\u041a\u043e\u043d\u0442\u0430\u043a\u0442\u044b - Digifabric - Digitr\u00fcki t\u00f6\u00f6koda\" \/>\n<meta property=\"og:description\" content=\"[vc_row equal_height=&#187;yes&#187; css_animation=&#187;none&#187; responsive_tabs_advanced=&#187;mobile&#187; css=&#187;.vc_custom_1743618622355{margin-right: -50px !important;margin-left: -50px !important;}&#187; woodmart_css_id=&#187;67ed8229e5207&#8243; responsive_spacing=&#187;eyJwYXJhbV90eXBlIjoid29vZG1hcnRfcmVzcG9uc2l2ZV9zcGFjaW5nIiwic2VsZWN0b3JfaWQiOiI2N2VkODIyOWU1MjA3Iiwic2hvcnRjb2RlIjoidmNfcm93IiwiZGF0YSI6eyJ0YWJsZXQiOnt9LCJtb2JpbGUiOnt9fX0=&#187; mobile_bg_img_hidden=&#187;no&#187; tablet_bg_img_hidden=&#187;no&#187; woodmart_parallax=&#187;0&#8243; woodmart_gradient_switch=&#187;no&#187; woodmart_box_shadow=&#187;no&#187; wd_z_index=&#187;no&#187; woodmart_disable_overflow=&#187;0&#8243; row_reverse_mobile=&#187;1&#8243; row_reverse_tablet=&#187;1&#8243;][vc_column\" \/>\n<meta property=\"og:url\" content=\"https:\/\/prelive.digifabric.ee\/ru\/kontakt\/\" \/>\n<meta property=\"og:site_name\" content=\"Digifabric - Digitr\u00fcki t\u00f6\u00f6koda\" \/>\n<meta property=\"article:modified_time\" content=\"2025-04-06T10:09:42+00:00\" \/>\n<meta name=\"twitter:card\" content=\"summary_large_image\" \/>\n<meta name=\"twitter:label1\" content=\"\u041f\u0440\u0438\u043c\u0435\u0440\u043d\u043e\u0435 \u0432\u0440\u0435\u043c\u044f \u0434\u043b\u044f \u0447\u0442\u0435\u043d\u0438\u044f\" \/>\n\t<meta name=\"twitter:data1\" content=\"4 \u043c\u0438\u043d\u0443\u0442\u044b\" \/>\n<script type=\"application\/ld+json\" class=\"yoast-schema-graph\">{\"@context\":\"https:\/\/schema.org\",\"@graph\":[{\"@type\":\"WebPage\",\"@id\":\"https:\/\/prelive.digifabric.ee\/ru\/kontakt\/\",\"url\":\"https:\/\/prelive.digifabric.ee\/ru\/kontakt\/\",\"name\":\"\u041a\u043e\u043d\u0442\u0430\u043a\u0442\u044b - Digifabric - Digitr\u00fcki t\u00f6\u00f6koda\",\"isPartOf\":{\"@id\":\"https:\/\/prelive.digifabric.ee\/#website\"},\"datePublished\":\"2021-08-25T07:00:10+00:00\",\"dateModified\":\"2025-04-06T10:09:42+00:00\",\"breadcrumb\":{\"@id\":\"https:\/\/prelive.digifabric.ee\/ru\/kontakt\/#breadcrumb\"},\"inLanguage\":\"ru-RU\",\"potentialAction\":[{\"@type\":\"ReadAction\",\"target\":[\"https:\/\/prelive.digifabric.ee\/ru\/kontakt\/\"]}]},{\"@type\":\"BreadcrumbList\",\"@id\":\"https:\/\/prelive.digifabric.ee\/ru\/kontakt\/#breadcrumb\",\"itemListElement\":[{\"@type\":\"ListItem\",\"position\":1,\"name\":\"Home\",\"item\":\"https:\/\/prelive.digifabric.ee\/ru\/home-fashion-flat\/\"},{\"@type\":\"ListItem\",\"position\":2,\"name\":\"\u041a\u043e\u043d\u0442\u0430\u043a\u0442\u044b\"}]},{\"@type\":\"WebSite\",\"@id\":\"https:\/\/prelive.digifabric.ee\/#website\",\"url\":\"https:\/\/prelive.digifabric.ee\/\",\"name\":\"Digifabric - Digitr\u00fcki t\u00f6\u00f6koda\",\"description\":\"\",\"publisher\":{\"@id\":\"https:\/\/prelive.digifabric.ee\/#organization\"},\"potentialAction\":[{\"@type\":\"SearchAction\",\"target\":{\"@type\":\"EntryPoint\",\"urlTemplate\":\"https:\/\/prelive.digifabric.ee\/?s={search_term_string}\"},\"query-input\":{\"@type\":\"PropertyValueSpecification\",\"valueRequired\":true,\"valueName\":\"search_term_string\"}}],\"inLanguage\":\"ru-RU\"},{\"@type\":\"Organization\",\"@id\":\"https:\/\/prelive.digifabric.ee\/#organization\",\"name\":\"Digifabric - Digitr\u00fcki t\u00f6\u00f6koda\",\"url\":\"https:\/\/prelive.digifabric.ee\/\",\"logo\":{\"@type\":\"ImageObject\",\"inLanguage\":\"ru-RU\",\"@id\":\"https:\/\/prelive.digifabric.ee\/#\/schema\/logo\/image\/\",\"url\":\"https:\/\/prelive.digifabric.ee\/wp-content\/uploads\/2025\/02\/LOGO-2-e1739801915824.png\",\"contentUrl\":\"https:\/\/prelive.digifabric.ee\/wp-content\/uploads\/2025\/02\/LOGO-2-e1739801915824.png\",\"width\":2160,\"height\":1577,\"caption\":\"Digifabric - Digitr\u00fcki t\u00f6\u00f6koda\"},\"image\":{\"@id\":\"https:\/\/prelive.digifabric.ee\/#\/schema\/logo\/image\/\"}}]}<\/script>\n<!-- \/ Yoast SEO plugin. -->","yoast_head_json":{"title":"\u041a\u043e\u043d\u0442\u0430\u043a\u0442\u044b - Digifabric - Digitr\u00fcki t\u00f6\u00f6koda","robots":{"index":"noindex","follow":"follow","max-snippet":"max-snippet:-1","max-image-preview":"max-image-preview:large","max-video-preview":"max-video-preview:-1"},"og_locale":"ru_RU","og_type":"article","og_title":"\u041a\u043e\u043d\u0442\u0430\u043a\u0442\u044b - Digifabric - Digitr\u00fcki t\u00f6\u00f6koda","og_description":"[vc_row equal_height=&#187;yes&#187; css_animation=&#187;none&#187; responsive_tabs_advanced=&#187;mobile&#187; css=&#187;.vc_custom_1743618622355{margin-right: -50px !important;margin-left: -50px !important;}&#187; woodmart_css_id=&#187;67ed8229e5207&#8243; responsive_spacing=&#187;eyJwYXJhbV90eXBlIjoid29vZG1hcnRfcmVzcG9uc2l2ZV9zcGFjaW5nIiwic2VsZWN0b3JfaWQiOiI2N2VkODIyOWU1MjA3Iiwic2hvcnRjb2RlIjoidmNfcm93IiwiZGF0YSI6eyJ0YWJsZXQiOnt9LCJtb2JpbGUiOnt9fX0=&#187; mobile_bg_img_hidden=&#187;no&#187; tablet_bg_img_hidden=&#187;no&#187; woodmart_parallax=&#187;0&#8243; woodmart_gradient_switch=&#187;no&#187; woodmart_box_shadow=&#187;no&#187; wd_z_index=&#187;no&#187; woodmart_disable_overflow=&#187;0&#8243; row_reverse_mobile=&#187;1&#8243; row_reverse_tablet=&#187;1&#8243;][vc_column","og_url":"https:\/\/prelive.digifabric.ee\/ru\/kontakt\/","og_site_name":"Digifabric - Digitr\u00fcki t\u00f6\u00f6koda","article_modified_time":"2025-04-06T10:09:42+00:00","twitter_card":"summary_large_image","twitter_misc":{"\u041f\u0440\u0438\u043c\u0435\u0440\u043d\u043e\u0435 \u0432\u0440\u0435\u043c\u044f \u0434\u043b\u044f \u0447\u0442\u0435\u043d\u0438\u044f":"4 \u043c\u0438\u043d\u0443\u0442\u044b"},"schema":{"@context":"https:\/\/schema.org","@graph":[{"@type":"WebPage","@id":"https:\/\/prelive.digifabric.ee\/ru\/kontakt\/","url":"https:\/\/prelive.digifabric.ee\/ru\/kontakt\/","name":"\u041a\u043e\u043d\u0442\u0430\u043a\u0442\u044b - Digifabric - Digitr\u00fcki t\u00f6\u00f6koda","isPartOf":{"@id":"https:\/\/prelive.digifabric.ee\/#website"},"datePublished":"2021-08-25T07:00:10+00:00","dateModified":"2025-04-06T10:09:42+00:00","breadcrumb":{"@id":"https:\/\/prelive.digifabric.ee\/ru\/kontakt\/#breadcrumb"},"inLanguage":"ru-RU","potentialAction":[{"@type":"ReadAction","target":["https:\/\/prelive.digifabric.ee\/ru\/kontakt\/"]}]},{"@type":"BreadcrumbList","@id":"https:\/\/prelive.digifabric.ee\/ru\/kontakt\/#breadcrumb","itemListElement":[{"@type":"ListItem","position":1,"name":"Home","item":"https:\/\/prelive.digifabric.ee\/ru\/home-fashion-flat\/"},{"@type":"ListItem","position":2,"name":"\u041a\u043e\u043d\u0442\u0430\u043a\u0442\u044b"}]},{"@type":"WebSite","@id":"https:\/\/prelive.digifabric.ee\/#website","url":"https:\/\/prelive.digifabric.ee\/","name":"Digifabric - Digitr\u00fcki t\u00f6\u00f6koda","description":"","publisher":{"@id":"https:\/\/prelive.digifabric.ee\/#organization"},"potentialAction":[{"@type":"SearchAction","target":{"@type":"EntryPoint","urlTemplate":"https:\/\/prelive.digifabric.ee\/?s={search_term_string}"},"query-input":{"@type":"PropertyValueSpecification","valueRequired":true,"valueName":"search_term_string"}}],"inLanguage":"ru-RU"},{"@type":"Organization","@id":"https:\/\/prelive.digifabric.ee\/#organization","name":"Digifabric - Digitr\u00fcki t\u00f6\u00f6koda","url":"https:\/\/prelive.digifabric.ee\/","logo":{"@type":"ImageObject","inLanguage":"ru-RU","@id":"https:\/\/prelive.digifabric.ee\/#\/schema\/logo\/image\/","url":"https:\/\/prelive.digifabric.ee\/wp-content\/uploads\/2025\/02\/LOGO-2-e1739801915824.png","contentUrl":"https:\/\/prelive.digifabric.ee\/wp-content\/uploads\/2025\/02\/LOGO-2-e1739801915824.png","width":2160,"height":1577,"caption":"Digifabric - Digitr\u00fcki t\u00f6\u00f6koda"},"image":{"@id":"https:\/\/prelive.digifabric.ee\/#\/schema\/logo\/image\/"}}]}},"_links":{"self":[{"href":"https:\/\/prelive.digifabric.ee\/ru\/wp-json\/wp\/v2\/pages\/11340","targetHints":{"allow":["GET"]}}],"collection":[{"href":"https:\/\/prelive.digifabric.ee\/ru\/wp-json\/wp\/v2\/pages"}],"about":[{"href":"https:\/\/prelive.digifabric.ee\/ru\/wp-json\/wp\/v2\/types\/page"}],"author":[{"embeddable":true,"href":"https:\/\/prelive.digifabric.ee\/ru\/wp-json\/wp\/v2\/users\/1"}],"replies":[{"embeddable":true,"href":"https:\/\/prelive.digifabric.ee\/ru\/wp-json\/wp\/v2\/comments?post=11340"}],"version-history":[{"count":4,"href":"https:\/\/prelive.digifabric.ee\/ru\/wp-json\/wp\/v2\/pages\/11340\/revisions"}],"predecessor-version":[{"id":11445,"href":"https:\/\/prelive.digifabric.ee\/ru\/wp-json\/wp\/v2\/pages\/11340\/revisions\/11445"}],"wp:attachment":[{"href":"https:\/\/prelive.digifabric.ee\/ru\/wp-json\/wp\/v2\/media?parent=11340"}],"curies":[{"name":"wp","href":"https:\/\/api.w.org\/{rel}","templated":true}]}}