{"id":11457,"date":"2025-03-31T20:13:04","date_gmt":"2025-03-31T18:13:04","guid":{"rendered":"https:\/\/prelive.digifabric.ee\/product\/cotton-knitwear-designed-by-triinu-traumann\/"},"modified":"2025-04-03T15:38:38","modified_gmt":"2025-04-03T13:38:38","slug":"cotton-knitwear-designed-by-triinu-traumann","status":"publish","type":"product","link":"https:\/\/prelive.digifabric.ee\/en\/product\/cotton-knitwear-designed-by-triinu-traumann\/","title":{"rendered":"Cotton knitwear designed by Triinu Traumann"},"content":{"rendered":"<div class=\"wpb-content-wrapper\"><p>[vc_row][vc_column]<style data-type=\"vc_shortcodes-custom-css\">.vc_custom_1741518499161{margin-top: 10px !important;margin-right: 10px !important;margin-bottom: 10px !important;margin-left: 10px !important;}.vc_custom_1741518512974{margin-top: 10px !important;margin-right: 10px !important;margin-bottom: 10px !important;margin-left: 10px !important;}.vc_custom_1741518519660{margin-top: 10px !important;margin-right: 10px !important;margin-bottom: 10px !important;margin-left: 10px !important;}.vc_custom_1741518525556{margin-top: 10px !important;margin-right: 10px !important;margin-bottom: 10px !important;margin-left: 10px !important;}.vc_custom_1741518531233{margin-top: 10px !important;margin-right: 10px !important;margin-bottom: 10px !important;margin-left: 10px !important;}.vc_custom_1739184260096{margin-bottom: 0px !important;}.vc_custom_1739184279030{margin-bottom: 0px !important;}.vc_custom_1739184297699{margin-bottom: 0px !important;}.vc_custom_1739184317933{margin-bottom: 0px !important;}.vc_custom_1739184334249{margin-bottom: 0px !important;}@media (max-width: 1199px) {html .wd-rs-67cd769e44010 > .vc_column-inner{margin-top:10px !important;margin-right:10px !important;margin-bottom:10px !important;margin-left:10px !important;}html .wd-rs-67cd76acd93f3 > .vc_column-inner{margin-top:10px !important;margin-right:10px !important;margin-bottom:10px !important;margin-left:10px !important;}html .wd-rs-67cd76b54c97a > .vc_column-inner{margin-top:10px !important;margin-right:10px !important;margin-bottom:10px !important;margin-left:10px !important;}html .wd-rs-67cd76bbcf426 > .vc_column-inner{margin-top:10px !important;margin-right:10px !important;margin-bottom:10px !important;margin-left:10px !important;}html .wd-rs-67cd76c21b2a1 > .vc_column-inner{margin-top:10px !important;margin-right:10px !important;margin-bottom:10px !important;margin-left:10px !important;}}@media (max-width: 767px) {html .wd-rs-67cd769e44010 > .vc_column-inner{margin-top:10px !important;margin-right:10px !important;margin-bottom:40px !important;margin-left:10px !important;}html .wd-rs-67cd76acd93f3 > .vc_column-inner{margin-top:10px !important;margin-right:10px !important;margin-bottom:40px !important;margin-left:10px !important;}html .wd-rs-67cd76b54c97a > .vc_column-inner{margin-top:10px !important;margin-right:10px !important;margin-bottom:40px !important;margin-left:10px !important;}html .wd-rs-67cd76bbcf426 > .vc_column-inner{margin-top:10px !important;margin-right:10px !important;margin-bottom:40px !important;margin-left:10px !important;}html .wd-rs-67cd76c21b2a1 > .vc_column-inner{margin-top:10px !important;margin-right:10px !important;margin-bottom:40px !important;margin-left:10px !important;}}<\/style>&nbsp;[vc_row][vc_column width=\"1\/5\" css=\".vc_custom_1741518499161{margin-top: 10px !important;margin-right: 10px !important;margin-bottom: 10px !important;margin-left: 10px !important;}\" woodmart_css_id=\"67cd769e44010\" parallax_scroll=\"no\" woodmart_sticky_column=\"false\" wd_collapsible_content_switcher=\"no\" wd_column_role_offcanvas_desktop=\"no\" wd_column_role_offcanvas_tablet=\"no\" wd_column_role_offcanvas_mobile=\"no\" wd_column_role_content_desktop=\"no\" wd_column_role_content_tablet=\"no\" wd_column_role_content_mobile=\"no\" mobile_bg_img_hidden=\"no\" tablet_bg_img_hidden=\"no\" woodmart_parallax=\"0\" woodmart_box_shadow=\"no\" responsive_spacing=\"eyJwYXJhbV90eXBlIjoid29vZG1hcnRfcmVzcG9uc2l2ZV9zcGFjaW5nIiwic2VsZWN0b3JfaWQiOiI2N2NkNzY5ZTQ0MDEwIiwic2hvcnRjb2RlIjoidmNfY29sdW1uIiwiZGF0YSI6eyJ0YWJsZXQiOnsibWFyZ2luLXRvcCI6IjEwcHgiLCJtYXJnaW4tcmlnaHQiOiIxMHB4IiwibWFyZ2luLWJvdHRvbSI6IjEwcHgiLCJtYXJnaW4tbGVmdCI6IjEwcHgifSwibW9iaWxlIjp7Im1hcmdpbi10b3AiOiIxMHB4IiwibWFyZ2luLXJpZ2h0IjoiMTBweCIsIm1hcmdpbi1ib3R0b20iOiI0MHB4IiwibWFyZ2luLWxlZnQiOiIxMHB4In19fQ==\" mobile_reset_margin=\"no\" tablet_reset_margin=\"no\" wd_z_index=\"no\"]\t\t\t<div class=\"info-box-wrapper\">\n\t\t\t\t<div id=\"wd-67a9d87c39709\" class=\" wd-rs-67a9d87c39709 wd-info-box wd-wpb text-center box-icon-align-top box-style- color-scheme- wd-bg-none vc_custom_1739184260096\">\n\t\t\t\t\t\t\t\t\t\t\t<div class=\"box-icon-wrapper  box-with-icon box-icon-simple\">\n\t\t\t\t\t\t\t<div class=\"info-box-icon\">\n\n\t\t\t\t\t\t\t\n\t\t\t\t\t\t\t\t\t\t\t\t\t\t\t\t\t<img loading=\"lazy\" decoding=\"async\" width=\"50\" height=\"50\" src=\"https:\/\/prelive.digifabric.ee\/wp-content\/uploads\/2025\/01\/pesu-30-kraadi-50x50.png\" class=\"attachment-50x50 size-50x50\" alt=\"\" srcset=\"https:\/\/prelive.digifabric.ee\/wp-content\/uploads\/2025\/01\/pesu-30-kraadi-50x50.png 50w, https:\/\/prelive.digifabric.ee\/wp-content\/uploads\/2025\/01\/pesu-30-kraadi.png 100w\" sizes=\"auto, (max-width: 50px) 100vw, 50px\" \/>\t\t\t\t\t\t\t\t\t\t\t\t\t\t\t\n\t\t\t\t\t\t\t<\/div>\n\t\t\t\t\t\t<\/div>\n\t\t\t\t\t\t\t\t\t\t<div class=\"info-box-content\">\n\t\t\t\t\t\t<h4 class=\"info-box-title title box-title-style-default wd-fontsize-s\">washing at 30 degrees<\/h4>\t\t\t\t\t\t<div class=\"info-box-inner set-cont-mb-s reset-last-child\"><\/div>\n\n\t\t\t\t\t\t\t\t\t\t\t<\/div>\n\n\t\t\t\t\t\n\t\t\t\t\t\t\t\t\t<\/div>\n\t\t\t<\/div>\n\t\t[\/vc_column][vc_column width=\"1\/5\" css=\".vc_custom_1741518512974{margin-top: 10px !important;margin-right: 10px !important;margin-bottom: 10px !important;margin-left: 10px !important;}\" woodmart_css_id=\"67cd76acd93f3\" parallax_scroll=\"no\" woodmart_sticky_column=\"false\" wd_collapsible_content_switcher=\"no\" wd_column_role_offcanvas_desktop=\"no\" wd_column_role_offcanvas_tablet=\"no\" wd_column_role_offcanvas_mobile=\"no\" wd_column_role_content_desktop=\"no\" wd_column_role_content_tablet=\"no\" wd_column_role_content_mobile=\"no\" mobile_bg_img_hidden=\"no\" tablet_bg_img_hidden=\"no\" woodmart_parallax=\"0\" woodmart_box_shadow=\"no\" responsive_spacing=\"eyJwYXJhbV90eXBlIjoid29vZG1hcnRfcmVzcG9uc2l2ZV9zcGFjaW5nIiwic2VsZWN0b3JfaWQiOiI2N2NkNzZhY2Q5M2YzIiwic2hvcnRjb2RlIjoidmNfY29sdW1uIiwiZGF0YSI6eyJ0YWJsZXQiOnsibWFyZ2luLXRvcCI6IjEwcHgiLCJtYXJnaW4tcmlnaHQiOiIxMHB4IiwibWFyZ2luLWJvdHRvbSI6IjEwcHgiLCJtYXJnaW4tbGVmdCI6IjEwcHgifSwibW9iaWxlIjp7Im1hcmdpbi10b3AiOiIxMHB4IiwibWFyZ2luLXJpZ2h0IjoiMTBweCIsIm1hcmdpbi1ib3R0b20iOiI0MHB4IiwibWFyZ2luLWxlZnQiOiIxMHB4In19fQ==\" mobile_reset_margin=\"no\" tablet_reset_margin=\"no\" wd_z_index=\"no\"]\t\t\t<div class=\"info-box-wrapper\">\n\t\t\t\t<div id=\"wd-67a9d888d566b\" class=\" wd-rs-67a9d888d566b wd-info-box wd-wpb text-center box-icon-align-top box-style- color-scheme- wd-bg-none vc_custom_1739184279030\">\n\t\t\t\t\t\t\t\t\t\t\t<div class=\"box-icon-wrapper  box-with-icon box-icon-simple\">\n\t\t\t\t\t\t\t<div class=\"info-box-icon\">\n\n\t\t\t\t\t\t\t\n\t\t\t\t\t\t\t\t\t\t\t\t\t\t\t\t\t<img loading=\"lazy\" decoding=\"async\" width=\"50\" height=\"50\" src=\"https:\/\/prelive.digifabric.ee\/wp-content\/uploads\/2025\/01\/valgenduse-keeld-50x50.png\" class=\"attachment-50x50 size-50x50\" alt=\"\" srcset=\"https:\/\/prelive.digifabric.ee\/wp-content\/uploads\/2025\/01\/valgenduse-keeld-50x50.png 50w, https:\/\/prelive.digifabric.ee\/wp-content\/uploads\/2025\/01\/valgenduse-keeld.png 100w\" sizes=\"auto, (max-width: 50px) 100vw, 50px\" \/>\t\t\t\t\t\t\t\t\t\t\t\t\t\t\t\n\t\t\t\t\t\t\t<\/div>\n\t\t\t\t\t\t<\/div>\n\t\t\t\t\t\t\t\t\t\t<div class=\"info-box-content\">\n\t\t\t\t\t\t<h4 class=\"info-box-title title box-title-style-default wd-fontsize-s\">no bleaching<\/h4>\t\t\t\t\t\t<div class=\"info-box-inner set-cont-mb-s reset-last-child\"><\/div>\n\n\t\t\t\t\t\t\t\t\t\t\t<\/div>\n\n\t\t\t\t\t\n\t\t\t\t\t\t\t\t\t<\/div>\n\t\t\t<\/div>\n\t\t[\/vc_column][vc_column width=\"1\/5\" css=\".vc_custom_1741518519660{margin-top: 10px !important;margin-right: 10px !important;margin-bottom: 10px !important;margin-left: 10px !important;}\" woodmart_css_id=\"67cd76b54c97a\" parallax_scroll=\"no\" woodmart_sticky_column=\"false\" wd_collapsible_content_switcher=\"no\" wd_column_role_offcanvas_desktop=\"no\" wd_column_role_offcanvas_tablet=\"no\" wd_column_role_offcanvas_mobile=\"no\" wd_column_role_content_desktop=\"no\" wd_column_role_content_tablet=\"no\" wd_column_role_content_mobile=\"no\" mobile_bg_img_hidden=\"no\" tablet_bg_img_hidden=\"no\" woodmart_parallax=\"0\" woodmart_box_shadow=\"no\" responsive_spacing=\"eyJwYXJhbV90eXBlIjoid29vZG1hcnRfcmVzcG9uc2l2ZV9zcGFjaW5nIiwic2VsZWN0b3JfaWQiOiI2N2NkNzZiNTRjOTdhIiwic2hvcnRjb2RlIjoidmNfY29sdW1uIiwiZGF0YSI6eyJ0YWJsZXQiOnsibWFyZ2luLXRvcCI6IjEwcHgiLCJtYXJnaW4tcmlnaHQiOiIxMHB4IiwibWFyZ2luLWJvdHRvbSI6IjEwcHgiLCJtYXJnaW4tbGVmdCI6IjEwcHgifSwibW9iaWxlIjp7Im1hcmdpbi10b3AiOiIxMHB4IiwibWFyZ2luLXJpZ2h0IjoiMTBweCIsIm1hcmdpbi1ib3R0b20iOiI0MHB4IiwibWFyZ2luLWxlZnQiOiIxMHB4In19fQ==\" mobile_reset_margin=\"no\" tablet_reset_margin=\"no\" wd_z_index=\"no\"]\t\t\t<div class=\"info-box-wrapper\">\n\t\t\t\t<div id=\"wd-67a9d89ca14d0\" class=\" wd-rs-67a9d89ca14d0 wd-info-box wd-wpb text-center box-icon-align-top box-style- color-scheme- wd-bg-none vc_custom_1739184297699\">\n\t\t\t\t\t\t\t\t\t\t\t<div class=\"box-icon-wrapper  box-with-icon box-icon-simple\">\n\t\t\t\t\t\t\t<div class=\"info-box-icon\">\n\n\t\t\t\t\t\t\t\n\t\t\t\t\t\t\t\t\t\t\t\t\t\t\t\t\t<img loading=\"lazy\" decoding=\"async\" width=\"50\" height=\"50\" src=\"https:\/\/prelive.digifabric.ee\/wp-content\/uploads\/2025\/01\/Triikraud_keskmine-kuumus-50x50.png\" class=\"attachment-50x50 size-50x50\" alt=\"\" srcset=\"https:\/\/prelive.digifabric.ee\/wp-content\/uploads\/2025\/01\/Triikraud_keskmine-kuumus-50x50.png 50w, https:\/\/prelive.digifabric.ee\/wp-content\/uploads\/2025\/01\/Triikraud_keskmine-kuumus.png 100w\" sizes=\"auto, (max-width: 50px) 100vw, 50px\" \/>\t\t\t\t\t\t\t\t\t\t\t\t\t\t\t\n\t\t\t\t\t\t\t<\/div>\n\t\t\t\t\t\t<\/div>\n\t\t\t\t\t\t\t\t\t\t<div class=\"info-box-content\">\n\t\t\t\t\t\t<h4 class=\"info-box-title title box-title-style-default wd-fontsize-s\">ironing on medium heat<\/h4>\t\t\t\t\t\t<div class=\"info-box-inner set-cont-mb-s reset-last-child\"><\/div>\n\n\t\t\t\t\t\t\t\t\t\t\t<\/div>\n\n\t\t\t\t\t\n\t\t\t\t\t\t\t\t\t<\/div>\n\t\t\t<\/div>\n\t\t[\/vc_column][vc_column width=\"1\/5\" css=\".vc_custom_1741518525556{margin-top: 10px !important;margin-right: 10px !important;margin-bottom: 10px !important;margin-left: 10px !important;}\" woodmart_css_id=\"67cd76bbcf426\" parallax_scroll=\"no\" woodmart_sticky_column=\"false\" wd_collapsible_content_switcher=\"no\" wd_column_role_offcanvas_desktop=\"no\" wd_column_role_offcanvas_tablet=\"no\" wd_column_role_offcanvas_mobile=\"no\" wd_column_role_content_desktop=\"no\" wd_column_role_content_tablet=\"no\" wd_column_role_content_mobile=\"no\" mobile_bg_img_hidden=\"no\" tablet_bg_img_hidden=\"no\" woodmart_parallax=\"0\" woodmart_box_shadow=\"no\" responsive_spacing=\"eyJwYXJhbV90eXBlIjoid29vZG1hcnRfcmVzcG9uc2l2ZV9zcGFjaW5nIiwic2VsZWN0b3JfaWQiOiI2N2NkNzZiYmNmNDI2Iiwic2hvcnRjb2RlIjoidmNfY29sdW1uIiwiZGF0YSI6eyJ0YWJsZXQiOnsibWFyZ2luLXRvcCI6IjEwcHgiLCJtYXJnaW4tcmlnaHQiOiIxMHB4IiwibWFyZ2luLWJvdHRvbSI6IjEwcHgiLCJtYXJnaW4tbGVmdCI6IjEwcHgifSwibW9iaWxlIjp7Im1hcmdpbi10b3AiOiIxMHB4IiwibWFyZ2luLXJpZ2h0IjoiMTBweCIsIm1hcmdpbi1ib3R0b20iOiI0MHB4IiwibWFyZ2luLWxlZnQiOiIxMHB4In19fQ==\" mobile_reset_margin=\"no\" tablet_reset_margin=\"no\" wd_z_index=\"no\"]\t\t\t<div class=\"info-box-wrapper\">\n\t\t\t\t<div id=\"wd-67a9d8ae095fb\" class=\" wd-rs-67a9d8ae095fb wd-info-box wd-wpb text-center box-icon-align-top box-style- color-scheme- wd-bg-none vc_custom_1739184317933\">\n\t\t\t\t\t\t\t\t\t\t\t<div class=\"box-icon-wrapper  box-with-icon box-icon-simple\">\n\t\t\t\t\t\t\t<div class=\"info-box-icon\">\n\n\t\t\t\t\t\t\t\n\t\t\t\t\t\t\t\t\t\t\t\t\t\t\t\t\t<img loading=\"lazy\" decoding=\"async\" width=\"50\" height=\"50\" src=\"https:\/\/prelive.digifabric.ee\/wp-content\/uploads\/2025\/01\/P_kemikaalidega-puhastus-50x50.png\" class=\"attachment-50x50 size-50x50\" alt=\"\" srcset=\"https:\/\/prelive.digifabric.ee\/wp-content\/uploads\/2025\/01\/P_kemikaalidega-puhastus-50x50.png 50w, https:\/\/prelive.digifabric.ee\/wp-content\/uploads\/2025\/01\/P_kemikaalidega-puhastus.png 100w\" sizes=\"auto, (max-width: 50px) 100vw, 50px\" \/>\t\t\t\t\t\t\t\t\t\t\t\t\t\t\t\n\t\t\t\t\t\t\t<\/div>\n\t\t\t\t\t\t<\/div>\n\t\t\t\t\t\t\t\t\t\t<div class=\"info-box-content\">\n\t\t\t\t\t\t<h4 class=\"info-box-title title box-title-style-default wd-fontsize-s\">professional dry and wet cleaning allowed<\/h4>\t\t\t\t\t\t<div class=\"info-box-inner set-cont-mb-s reset-last-child\"><\/div>\n\n\t\t\t\t\t\t\t\t\t\t\t<\/div>\n\n\t\t\t\t\t\n\t\t\t\t\t\t\t\t\t<\/div>\n\t\t\t<\/div>\n\t\t[\/vc_column][vc_column width=\"1\/5\" css=\".vc_custom_1741518531233{margin-top: 10px !important;margin-right: 10px !important;margin-bottom: 10px !important;margin-left: 10px !important;}\" woodmart_css_id=\"67cd76c21b2a1\" parallax_scroll=\"no\" woodmart_sticky_column=\"false\" wd_collapsible_content_switcher=\"no\" wd_column_role_offcanvas_desktop=\"no\" wd_column_role_offcanvas_tablet=\"no\" wd_column_role_offcanvas_mobile=\"no\" wd_column_role_content_desktop=\"no\" wd_column_role_content_tablet=\"no\" wd_column_role_content_mobile=\"no\" mobile_bg_img_hidden=\"no\" tablet_bg_img_hidden=\"no\" woodmart_parallax=\"0\" woodmart_box_shadow=\"no\" responsive_spacing=\"eyJwYXJhbV90eXBlIjoid29vZG1hcnRfcmVzcG9uc2l2ZV9zcGFjaW5nIiwic2VsZWN0b3JfaWQiOiI2N2NkNzZjMjFiMmExIiwic2hvcnRjb2RlIjoidmNfY29sdW1uIiwiZGF0YSI6eyJ0YWJsZXQiOnsibWFyZ2luLXRvcCI6IjEwcHgiLCJtYXJnaW4tcmlnaHQiOiIxMHB4IiwibWFyZ2luLWJvdHRvbSI6IjEwcHgiLCJtYXJnaW4tbGVmdCI6IjEwcHgifSwibW9iaWxlIjp7Im1hcmdpbi10b3AiOiIxMHB4IiwibWFyZ2luLXJpZ2h0IjoiMTBweCIsIm1hcmdpbi1ib3R0b20iOiI0MHB4IiwibWFyZ2luLWxlZnQiOiIxMHB4In19fQ==\" mobile_reset_margin=\"no\" tablet_reset_margin=\"no\" wd_z_index=\"no\"]\t\t\t<div class=\"info-box-wrapper\">\n\t\t\t\t<div id=\"wd-67a9d8c29859f\" class=\" wd-rs-67a9d8c29859f wd-info-box wd-wpb text-center box-icon-align-top box-style- color-scheme- wd-bg-none vc_custom_1739184334249\">\n\t\t\t\t\t\t\t\t\t\t\t<div class=\"box-icon-wrapper  box-with-icon box-icon-simple\">\n\t\t\t\t\t\t\t<div class=\"info-box-icon\">\n\n\t\t\t\t\t\t\t\n\t\t\t\t\t\t\t\t\t\t\t\t\t\t\t\t\t<img loading=\"lazy\" decoding=\"async\" width=\"50\" height=\"50\" src=\"https:\/\/prelive.digifabric.ee\/wp-content\/uploads\/2025\/01\/tsentrifuugi-keeld-50x50.png\" class=\"attachment-50x50 size-50x50\" alt=\"\" srcset=\"https:\/\/prelive.digifabric.ee\/wp-content\/uploads\/2025\/01\/tsentrifuugi-keeld-50x50.png 50w, https:\/\/prelive.digifabric.ee\/wp-content\/uploads\/2025\/01\/tsentrifuugi-keeld.png 100w\" sizes=\"auto, (max-width: 50px) 100vw, 50px\" \/>\t\t\t\t\t\t\t\t\t\t\t\t\t\t\t\n\t\t\t\t\t\t\t<\/div>\n\t\t\t\t\t\t<\/div>\n\t\t\t\t\t\t\t\t\t\t<div class=\"info-box-content\">\n\t\t\t\t\t\t<h4 class=\"info-box-title title box-title-style-default wd-fontsize-s\">tumble drying prohibited<\/h4>\t\t\t\t\t\t<div class=\"info-box-inner set-cont-mb-s reset-last-child\"><\/div>\n\n\t\t\t\t\t\t\t\t\t\t\t<\/div>\n\n\t\t\t\t\t\n\t\t\t\t\t\t\t\t\t<\/div>\n\t\t\t<\/div>\n\t\t[\/vc_column][\/vc_row]&nbsp;\r\n[\/vc_column][\/vc_row]<\/p>\n<\/div>","protected":false},"excerpt":{"rendered":"<p>The fabric is suitable for women&#8217;s and children&#8217;s light clothing such as T-shirts, dresses, skirts or leggings. Soft and comfortable to the touch.<\/p>\n<ul>\n<li>Composition: 97% cotton (97CO) \/ 3% elastane (3EA).<\/li>\n<li>Surface density: ~180 g\/m\u00b2.<\/li>\n<li>Availability: in stock piece of fabric 168 cm (L) x 125 cm (W)<\/li>\n<\/ul>\n","protected":false},"featured_media":11395,"template":"","meta":{"_acf_changed":false},"product_brand":[],"product_cat":[90],"product_tag":[],"class_list":{"0":"post-11457","1":"product","2":"type-product","3":"status-publish","4":"has-post-thumbnail","6":"product_cat-laomuuk-en","8":"first","9":"instock","10":"taxable","11":"shipping-taxable","12":"purchasable","13":"product-type-simple"},"acf":[],"yoast_head":"<!-- This site is optimized with the Yoast SEO plugin v25.1 - https:\/\/yoast.com\/wordpress\/plugins\/seo\/ -->\n<title>Cotton knitwear designed by Triinu Traumann - Digifabric - Digitr\u00fcki t\u00f6\u00f6koda<\/title>\n<meta name=\"description\" content=\"Cotton knitwear designed by Triinu Traumann - Looduslik kangas digitr\u00fckiks otse Eestist. Kujunda ise, vali materjal ja telli kvaliteetne tr\u00fckk oma disainiga kangale.\" \/>\n<meta name=\"robots\" content=\"noindex, follow, max-snippet:-1, max-image-preview:large, max-video-preview:-1\" \/>\n<meta property=\"og:locale\" content=\"en_US\" \/>\n<meta property=\"og:type\" content=\"article\" \/>\n<meta property=\"og:title\" content=\"Cotton knitwear designed by Triinu Traumann - Digifabric - Digitr\u00fcki t\u00f6\u00f6koda\" \/>\n<meta property=\"og:description\" content=\"Cotton knitwear designed by Triinu Traumann - Looduslik kangas digitr\u00fckiks otse Eestist. Kujunda ise, vali materjal ja telli kvaliteetne tr\u00fckk oma disainiga kangale.\" \/>\n<meta property=\"og:url\" content=\"https:\/\/prelive.digifabric.ee\/en\/product\/cotton-knitwear-designed-by-triinu-traumann\/\" \/>\n<meta property=\"og:site_name\" content=\"Digifabric - Digitr\u00fcki t\u00f6\u00f6koda\" \/>\n<meta property=\"article:modified_time\" content=\"2025-04-03T13:38:38+00:00\" \/>\n<meta property=\"og:image\" content=\"https:\/\/prelive.digifabric.ee\/wp-content\/uploads\/2025\/03\/Puuvillane_Trikotaaz_Triinu-Traumann-disain-scaled.jpg\" \/>\n\t<meta property=\"og:image:width\" content=\"2560\" \/>\n\t<meta property=\"og:image:height\" content=\"1696\" \/>\n\t<meta property=\"og:image:type\" content=\"image\/jpeg\" \/>\n<meta name=\"twitter:card\" content=\"summary_large_image\" \/>\n<script type=\"application\/ld+json\" class=\"yoast-schema-graph\">{\"@context\":\"https:\/\/schema.org\",\"@graph\":[{\"@type\":\"WebPage\",\"@id\":\"https:\/\/prelive.digifabric.ee\/en\/product\/cotton-knitwear-designed-by-triinu-traumann\/\",\"url\":\"https:\/\/prelive.digifabric.ee\/en\/product\/cotton-knitwear-designed-by-triinu-traumann\/\",\"name\":\"Cotton knitwear designed by Triinu Traumann - Digifabric - Digitr\u00fcki t\u00f6\u00f6koda\",\"isPartOf\":{\"@id\":\"https:\/\/prelive.digifabric.ee\/#website\"},\"primaryImageOfPage\":{\"@id\":\"https:\/\/prelive.digifabric.ee\/en\/product\/cotton-knitwear-designed-by-triinu-traumann\/#primaryimage\"},\"image\":{\"@id\":\"https:\/\/prelive.digifabric.ee\/en\/product\/cotton-knitwear-designed-by-triinu-traumann\/#primaryimage\"},\"thumbnailUrl\":\"https:\/\/prelive.digifabric.ee\/wp-content\/uploads\/2025\/03\/Puuvillane_Trikotaaz_Triinu-Traumann-disain-scaled.jpg\",\"datePublished\":\"2025-03-31T18:13:04+00:00\",\"dateModified\":\"2025-04-03T13:38:38+00:00\",\"description\":\"Cotton knitwear designed by Triinu Traumann - Looduslik kangas digitr\u00fckiks otse Eestist. Kujunda ise, vali materjal ja telli kvaliteetne tr\u00fckk oma disainiga kangale.\",\"breadcrumb\":{\"@id\":\"https:\/\/prelive.digifabric.ee\/en\/product\/cotton-knitwear-designed-by-triinu-traumann\/#breadcrumb\"},\"inLanguage\":\"en-US\",\"potentialAction\":[{\"@type\":\"ReadAction\",\"target\":[\"https:\/\/prelive.digifabric.ee\/en\/product\/cotton-knitwear-designed-by-triinu-traumann\/\"]}]},{\"@type\":\"ImageObject\",\"inLanguage\":\"en-US\",\"@id\":\"https:\/\/prelive.digifabric.ee\/en\/product\/cotton-knitwear-designed-by-triinu-traumann\/#primaryimage\",\"url\":\"https:\/\/prelive.digifabric.ee\/wp-content\/uploads\/2025\/03\/Puuvillane_Trikotaaz_Triinu-Traumann-disain-scaled.jpg\",\"contentUrl\":\"https:\/\/prelive.digifabric.ee\/wp-content\/uploads\/2025\/03\/Puuvillane_Trikotaaz_Triinu-Traumann-disain-scaled.jpg\",\"width\":2560,\"height\":1696},{\"@type\":\"BreadcrumbList\",\"@id\":\"https:\/\/prelive.digifabric.ee\/en\/product\/cotton-knitwear-designed-by-triinu-traumann\/#breadcrumb\",\"itemListElement\":[{\"@type\":\"ListItem\",\"position\":1,\"name\":\"Home\",\"item\":\"https:\/\/prelive.digifabric.ee\/en\/homepage\/\"},{\"@type\":\"ListItem\",\"position\":2,\"name\":\"Shop\",\"item\":\"https:\/\/prelive.digifabric.ee\/en\/shop\/\"},{\"@type\":\"ListItem\",\"position\":3,\"name\":\"Cotton knitwear designed by Triinu Traumann\"}]},{\"@type\":\"WebSite\",\"@id\":\"https:\/\/prelive.digifabric.ee\/#website\",\"url\":\"https:\/\/prelive.digifabric.ee\/\",\"name\":\"Digifabric - Digitr\u00fcki t\u00f6\u00f6koda\",\"description\":\"\",\"publisher\":{\"@id\":\"https:\/\/prelive.digifabric.ee\/#organization\"},\"potentialAction\":[{\"@type\":\"SearchAction\",\"target\":{\"@type\":\"EntryPoint\",\"urlTemplate\":\"https:\/\/prelive.digifabric.ee\/?s={search_term_string}\"},\"query-input\":{\"@type\":\"PropertyValueSpecification\",\"valueRequired\":true,\"valueName\":\"search_term_string\"}}],\"inLanguage\":\"en-US\"},{\"@type\":\"Organization\",\"@id\":\"https:\/\/prelive.digifabric.ee\/#organization\",\"name\":\"Digifabric - Digitr\u00fcki t\u00f6\u00f6koda\",\"url\":\"https:\/\/prelive.digifabric.ee\/\",\"logo\":{\"@type\":\"ImageObject\",\"inLanguage\":\"en-US\",\"@id\":\"https:\/\/prelive.digifabric.ee\/#\/schema\/logo\/image\/\",\"url\":\"https:\/\/prelive.digifabric.ee\/wp-content\/uploads\/2025\/02\/LOGO-2-e1739801915824.png\",\"contentUrl\":\"https:\/\/prelive.digifabric.ee\/wp-content\/uploads\/2025\/02\/LOGO-2-e1739801915824.png\",\"width\":2160,\"height\":1577,\"caption\":\"Digifabric - Digitr\u00fcki t\u00f6\u00f6koda\"},\"image\":{\"@id\":\"https:\/\/prelive.digifabric.ee\/#\/schema\/logo\/image\/\"}}]}<\/script>\n<!-- \/ Yoast SEO plugin. -->","yoast_head_json":{"title":"Cotton knitwear designed by Triinu Traumann - Digifabric - Digitr\u00fcki t\u00f6\u00f6koda","description":"Cotton knitwear designed by Triinu Traumann - Looduslik kangas digitr\u00fckiks otse Eestist. Kujunda ise, vali materjal ja telli kvaliteetne tr\u00fckk oma disainiga kangale.","robots":{"index":"noindex","follow":"follow","max-snippet":"max-snippet:-1","max-image-preview":"max-image-preview:large","max-video-preview":"max-video-preview:-1"},"og_locale":"en_US","og_type":"article","og_title":"Cotton knitwear designed by Triinu Traumann - Digifabric - Digitr\u00fcki t\u00f6\u00f6koda","og_description":"Cotton knitwear designed by Triinu Traumann - Looduslik kangas digitr\u00fckiks otse Eestist. Kujunda ise, vali materjal ja telli kvaliteetne tr\u00fckk oma disainiga kangale.","og_url":"https:\/\/prelive.digifabric.ee\/en\/product\/cotton-knitwear-designed-by-triinu-traumann\/","og_site_name":"Digifabric - Digitr\u00fcki t\u00f6\u00f6koda","article_modified_time":"2025-04-03T13:38:38+00:00","og_image":[{"width":2560,"height":1696,"url":"https:\/\/prelive.digifabric.ee\/wp-content\/uploads\/2025\/03\/Puuvillane_Trikotaaz_Triinu-Traumann-disain-scaled.jpg","type":"image\/jpeg"}],"twitter_card":"summary_large_image","schema":{"@context":"https:\/\/schema.org","@graph":[{"@type":"WebPage","@id":"https:\/\/prelive.digifabric.ee\/en\/product\/cotton-knitwear-designed-by-triinu-traumann\/","url":"https:\/\/prelive.digifabric.ee\/en\/product\/cotton-knitwear-designed-by-triinu-traumann\/","name":"Cotton knitwear designed by Triinu Traumann - Digifabric - Digitr\u00fcki t\u00f6\u00f6koda","isPartOf":{"@id":"https:\/\/prelive.digifabric.ee\/#website"},"primaryImageOfPage":{"@id":"https:\/\/prelive.digifabric.ee\/en\/product\/cotton-knitwear-designed-by-triinu-traumann\/#primaryimage"},"image":{"@id":"https:\/\/prelive.digifabric.ee\/en\/product\/cotton-knitwear-designed-by-triinu-traumann\/#primaryimage"},"thumbnailUrl":"https:\/\/prelive.digifabric.ee\/wp-content\/uploads\/2025\/03\/Puuvillane_Trikotaaz_Triinu-Traumann-disain-scaled.jpg","datePublished":"2025-03-31T18:13:04+00:00","dateModified":"2025-04-03T13:38:38+00:00","description":"Cotton knitwear designed by Triinu Traumann - Looduslik kangas digitr\u00fckiks otse Eestist. Kujunda ise, vali materjal ja telli kvaliteetne tr\u00fckk oma disainiga kangale.","breadcrumb":{"@id":"https:\/\/prelive.digifabric.ee\/en\/product\/cotton-knitwear-designed-by-triinu-traumann\/#breadcrumb"},"inLanguage":"en-US","potentialAction":[{"@type":"ReadAction","target":["https:\/\/prelive.digifabric.ee\/en\/product\/cotton-knitwear-designed-by-triinu-traumann\/"]}]},{"@type":"ImageObject","inLanguage":"en-US","@id":"https:\/\/prelive.digifabric.ee\/en\/product\/cotton-knitwear-designed-by-triinu-traumann\/#primaryimage","url":"https:\/\/prelive.digifabric.ee\/wp-content\/uploads\/2025\/03\/Puuvillane_Trikotaaz_Triinu-Traumann-disain-scaled.jpg","contentUrl":"https:\/\/prelive.digifabric.ee\/wp-content\/uploads\/2025\/03\/Puuvillane_Trikotaaz_Triinu-Traumann-disain-scaled.jpg","width":2560,"height":1696},{"@type":"BreadcrumbList","@id":"https:\/\/prelive.digifabric.ee\/en\/product\/cotton-knitwear-designed-by-triinu-traumann\/#breadcrumb","itemListElement":[{"@type":"ListItem","position":1,"name":"Home","item":"https:\/\/prelive.digifabric.ee\/en\/homepage\/"},{"@type":"ListItem","position":2,"name":"Shop","item":"https:\/\/prelive.digifabric.ee\/en\/shop\/"},{"@type":"ListItem","position":3,"name":"Cotton knitwear designed by Triinu Traumann"}]},{"@type":"WebSite","@id":"https:\/\/prelive.digifabric.ee\/#website","url":"https:\/\/prelive.digifabric.ee\/","name":"Digifabric - Digitr\u00fcki t\u00f6\u00f6koda","description":"","publisher":{"@id":"https:\/\/prelive.digifabric.ee\/#organization"},"potentialAction":[{"@type":"SearchAction","target":{"@type":"EntryPoint","urlTemplate":"https:\/\/prelive.digifabric.ee\/?s={search_term_string}"},"query-input":{"@type":"PropertyValueSpecification","valueRequired":true,"valueName":"search_term_string"}}],"inLanguage":"en-US"},{"@type":"Organization","@id":"https:\/\/prelive.digifabric.ee\/#organization","name":"Digifabric - Digitr\u00fcki t\u00f6\u00f6koda","url":"https:\/\/prelive.digifabric.ee\/","logo":{"@type":"ImageObject","inLanguage":"en-US","@id":"https:\/\/prelive.digifabric.ee\/#\/schema\/logo\/image\/","url":"https:\/\/prelive.digifabric.ee\/wp-content\/uploads\/2025\/02\/LOGO-2-e1739801915824.png","contentUrl":"https:\/\/prelive.digifabric.ee\/wp-content\/uploads\/2025\/02\/LOGO-2-e1739801915824.png","width":2160,"height":1577,"caption":"Digifabric - Digitr\u00fcki t\u00f6\u00f6koda"},"image":{"@id":"https:\/\/prelive.digifabric.ee\/#\/schema\/logo\/image\/"}}]}},"_links":{"self":[{"href":"https:\/\/prelive.digifabric.ee\/en\/wp-json\/wp\/v2\/product\/11457","targetHints":{"allow":["GET"]}}],"collection":[{"href":"https:\/\/prelive.digifabric.ee\/en\/wp-json\/wp\/v2\/product"}],"about":[{"href":"https:\/\/prelive.digifabric.ee\/en\/wp-json\/wp\/v2\/types\/product"}],"wp:featuredmedia":[{"embeddable":true,"href":"https:\/\/prelive.digifabric.ee\/en\/wp-json\/wp\/v2\/media\/11395"}],"wp:attachment":[{"href":"https:\/\/prelive.digifabric.ee\/en\/wp-json\/wp\/v2\/media?parent=11457"}],"wp:term":[{"taxonomy":"product_brand","embeddable":true,"href":"https:\/\/prelive.digifabric.ee\/en\/wp-json\/wp\/v2\/product_brand?post=11457"},{"taxonomy":"product_cat","embeddable":true,"href":"https:\/\/prelive.digifabric.ee\/en\/wp-json\/wp\/v2\/product_cat?post=11457"},{"taxonomy":"product_tag","embeddable":true,"href":"https:\/\/prelive.digifabric.ee\/en\/wp-json\/wp\/v2\/product_tag?post=11457"}],"curies":[{"name":"wp","href":"https:\/\/api.w.org\/{rel}","templated":true}]}}