{"id":11503,"date":"2025-04-05T08:17:43","date_gmt":"2025-04-05T06:17:43","guid":{"rendered":"https:\/\/prelive.digifabric.ee\/design-yourself\/"},"modified":"2025-05-14T15:52:26","modified_gmt":"2025-05-14T13:52:26","slug":"design-yourself","status":"publish","type":"page","link":"https:\/\/prelive.digifabric.ee\/en\/design-yourself\/","title":{"rendered":"DESIGN YOURSELF"},"content":{"rendered":"<div class=\"wpb-content-wrapper\"><p>[vc_row][vc_column][vc_column_text]&nbsp;[\/vc_column_text][\/vc_column][\/vc_row][vc_row][vc_column width=&#8221;1\/6&#8243;][\/vc_column][vc_column width=&#8221;2\/3&#8243;][vc_column_text css=&#8221;&#8221; woodmart_inline=&#8221;no&#8221; text_larger=&#8221;no&#8221;]<\/p>\n<h3 class=\"\" data-start=\"67\" data-end=\"121\"><strong data-start=\"71\" data-end=\"121\">What is the \u201cDesign It Yourself\u201d Configurator?<\/strong><\/h3>\n<p class=\"\" data-start=\"123\" data-end=\"554\">The Digifabric design editor allows you to create and customize your unique designs for textile products. The tools on the left side help you add various design elements and edit them. Below is a description of all the main features. The purpose of the configurator is to test different scenarios to bring your custom fabric design to life. Read the short guide below for a better understanding of the configurator\u2019s functionality.<\/p>\n<h3 data-start=\"556\" data-end=\"572\">1. Products<\/h3>\n<p class=\"\" data-start=\"573\" data-end=\"714\">Select the desired product for designing, such as a T-shirt. The selected product has different design areas where you can apply your design.<\/p>\n<h3 class=\"\" data-start=\"729\" data-end=\"757\"><img loading=\"lazy\" decoding=\"async\" class=\"aligncenter size-full wp-image-11770\" src=\"https:\/\/prelive.digifabric.ee\/wp-content\/uploads\/2025\/05\/tooted1.png\" alt=\"\" width=\"1228\" height=\"539\" srcset=\"https:\/\/prelive.digifabric.ee\/wp-content\/uploads\/2025\/05\/tooted1.png 1228w, https:\/\/prelive.digifabric.ee\/wp-content\/uploads\/2025\/05\/tooted1-400x176.png 400w, https:\/\/prelive.digifabric.ee\/wp-content\/uploads\/2025\/05\/tooted1-768x337.png 768w, https:\/\/prelive.digifabric.ee\/wp-content\/uploads\/2025\/05\/tooted1-430x189.png 430w, https:\/\/prelive.digifabric.ee\/wp-content\/uploads\/2025\/05\/tooted1-700x307.png 700w, https:\/\/prelive.digifabric.ee\/wp-content\/uploads\/2025\/05\/tooted1-150x66.png 150w\" sizes=\"auto, (max-width: 1228px) 100vw, 1228px\" \/><\/h3>\n<h3 data-start=\"750\" data-end=\"771\">2. Upload Design<\/h3>\n<p class=\"\" data-start=\"772\" data-end=\"932\">You can upload a design file by clicking on \u201cIMAGES\u201d in the side panel, and in the opened view, dragging the desired file to the upload section for attachments.<\/p>\n<ul data-start=\"934\" data-end=\"1193\">\n<li class=\"\" data-start=\"934\" data-end=\"954\">\n<p class=\"\" data-start=\"936\" data-end=\"954\">Upload your image.<\/p>\n<\/li>\n<li class=\"\" data-start=\"955\" data-end=\"1000\">\n<p class=\"\" data-start=\"957\" data-end=\"1000\">To add the image, drag it onto the product.<\/p>\n<\/li>\n<li class=\"\" data-start=\"1001\" data-end=\"1193\">\n<p class=\"\" data-start=\"1003\" data-end=\"1042\">In the configurator block, you can see:<\/p>\n<ul data-start=\"1045\" data-end=\"1193\">\n<li class=\"\" data-start=\"1045\" data-end=\"1078\">\n<p class=\"\" data-start=\"1047\" data-end=\"1078\">The size of the uploaded image.<\/p>\n<\/li>\n<li class=\"\" data-start=\"1081\" data-end=\"1123\">\n<p class=\"\" data-start=\"1083\" data-end=\"1123\">You can remove incorrectly added images.<\/p>\n<\/li>\n<li class=\"\" data-start=\"1126\" data-end=\"1164\">\n<p class=\"\" data-start=\"1128\" data-end=\"1164\">You can resize and rotate the image.<\/p>\n<\/li>\n<li class=\"\" data-start=\"1167\" data-end=\"1193\">\n<p class=\"\" data-start=\"1169\" data-end=\"1193\">You can clone the image.<\/p>\n<\/li>\n<\/ul>\n<\/li>\n<\/ul>\n<h4 class=\"\" data-start=\"1224\" data-end=\"1236\"><img loading=\"lazy\" decoding=\"async\" class=\"aligncenter size-full wp-image-11768\" src=\"https:\/\/prelive.digifabric.ee\/wp-content\/uploads\/2025\/05\/disaini1.png\" alt=\"\" width=\"1250\" height=\"615\" srcset=\"https:\/\/prelive.digifabric.ee\/wp-content\/uploads\/2025\/05\/disaini1.png 1250w, https:\/\/prelive.digifabric.ee\/wp-content\/uploads\/2025\/05\/disaini1-400x197.png 400w, https:\/\/prelive.digifabric.ee\/wp-content\/uploads\/2025\/05\/disaini1-768x378.png 768w, https:\/\/prelive.digifabric.ee\/wp-content\/uploads\/2025\/05\/disaini1-430x212.png 430w, https:\/\/prelive.digifabric.ee\/wp-content\/uploads\/2025\/05\/disaini1-700x344.png 700w, https:\/\/prelive.digifabric.ee\/wp-content\/uploads\/2025\/05\/disaini1-150x74.png 150w\" sizes=\"auto, (max-width: 1250px) 100vw, 1250px\" \/><\/h4>\n<h3 data-start=\"1224\" data-end=\"1236\">3. Text<\/h3>\n<p class=\"\" data-start=\"1237\" data-end=\"1315\">You can add text to the design. To do this, select \u201cText\u201d from the side panel.<\/p>\n<ul data-start=\"1317\" data-end=\"1427\">\n<li class=\"\" data-start=\"1317\" data-end=\"1354\">\n<p class=\"\" data-start=\"1319\" data-end=\"1354\">Choose from over 1000 Google Fonts.<\/p>\n<\/li>\n<li class=\"\" data-start=\"1355\" data-end=\"1427\">\n<p class=\"\" data-start=\"1357\" data-end=\"1427\">To add text, drag the desired font onto the product and start editing.<\/p>\n<\/li>\n<\/ul>\n<h4 class=\"\" data-start=\"1456\" data-end=\"1470\"><img loading=\"lazy\" decoding=\"async\" class=\"aligncenter size-full wp-image-11765\" src=\"https:\/\/prelive.digifabric.ee\/wp-content\/uploads\/2025\/05\/tekstid.png\" alt=\"\" width=\"1258\" height=\"598\" srcset=\"https:\/\/prelive.digifabric.ee\/wp-content\/uploads\/2025\/05\/tekstid.png 1258w, https:\/\/prelive.digifabric.ee\/wp-content\/uploads\/2025\/05\/tekstid-400x190.png 400w, https:\/\/prelive.digifabric.ee\/wp-content\/uploads\/2025\/05\/tekstid-768x365.png 768w, https:\/\/prelive.digifabric.ee\/wp-content\/uploads\/2025\/05\/tekstid-430x204.png 430w, https:\/\/prelive.digifabric.ee\/wp-content\/uploads\/2025\/05\/tekstid-700x333.png 700w, https:\/\/prelive.digifabric.ee\/wp-content\/uploads\/2025\/05\/tekstid-150x71.png 150w\" sizes=\"auto, (max-width: 1258px) 100vw, 1258px\" \/><\/h4>\n<h3 data-start=\"1456\" data-end=\"1470\">4. Shapes<\/h3>\n<p class=\"\" data-start=\"1471\" data-end=\"1580\">In the configurator, you can get even more precise by adding different elements\/shapes to your fabric design.<\/p>\n<ul data-start=\"1582\" data-end=\"1695\">\n<li class=\"\" data-start=\"1582\" data-end=\"1654\">\n<p class=\"\" data-start=\"1584\" data-end=\"1654\">Vector format shapes that maintain quality when zoomed in or exported.<\/p>\n<\/li>\n<li class=\"\" data-start=\"1655\" data-end=\"1695\">\n<p class=\"\" data-start=\"1657\" data-end=\"1695\">Use predefined shapes or add new ones.<\/p>\n<\/li>\n<\/ul>\n<h4 class=\"\" data-start=\"1726\" data-end=\"1740\"><img loading=\"lazy\" decoding=\"async\" class=\"aligncenter size-full wp-image-11762\" src=\"https:\/\/prelive.digifabric.ee\/wp-content\/uploads\/2025\/05\/kihid1.png\" alt=\"\" width=\"1242\" height=\"610\" srcset=\"https:\/\/prelive.digifabric.ee\/wp-content\/uploads\/2025\/05\/kihid1.png 1242w, https:\/\/prelive.digifabric.ee\/wp-content\/uploads\/2025\/05\/kihid1-400x196.png 400w, https:\/\/prelive.digifabric.ee\/wp-content\/uploads\/2025\/05\/kihid1-768x377.png 768w, https:\/\/prelive.digifabric.ee\/wp-content\/uploads\/2025\/05\/kihid1-430x211.png 430w, https:\/\/prelive.digifabric.ee\/wp-content\/uploads\/2025\/05\/kihid1-700x344.png 700w, https:\/\/prelive.digifabric.ee\/wp-content\/uploads\/2025\/05\/kihid1-150x74.png 150w\" sizes=\"auto, (max-width: 1242px) 100vw, 1242px\" \/><\/h4>\n<h3 data-start=\"1726\" data-end=\"1740\">5. Layers<\/h3>\n<p class=\"\" data-start=\"1741\" data-end=\"1856\">For better navigation, the configurator has a layers module where you can view the layers of your design in a list.<\/p>\n<ul data-start=\"1858\" data-end=\"1964\">\n<li class=\"\" data-start=\"1858\" data-end=\"1903\">\n<p class=\"\" data-start=\"1860\" data-end=\"1903\">All added elements are displayed as layers.<\/p>\n<\/li>\n<li class=\"\" data-start=\"1904\" data-end=\"1964\">\n<p class=\"\" data-start=\"1906\" data-end=\"1964\">You can hide\/show, lock, delete, and rearrange the layers.<\/p>\n<\/li>\n<\/ul>\n<h3 class=\"\" data-start=\"1777\" data-end=\"1799\"><img loading=\"lazy\" decoding=\"async\" class=\"aligncenter size-full wp-image-11759\" src=\"https:\/\/prelive.digifabric.ee\/wp-content\/uploads\/2025\/05\/kihid2.png\" alt=\"\" width=\"1263\" height=\"615\" srcset=\"https:\/\/prelive.digifabric.ee\/wp-content\/uploads\/2025\/05\/kihid2.png 1263w, https:\/\/prelive.digifabric.ee\/wp-content\/uploads\/2025\/05\/kihid2-400x195.png 400w, https:\/\/prelive.digifabric.ee\/wp-content\/uploads\/2025\/05\/kihid2-768x374.png 768w, https:\/\/prelive.digifabric.ee\/wp-content\/uploads\/2025\/05\/kihid2-430x209.png 430w, https:\/\/prelive.digifabric.ee\/wp-content\/uploads\/2025\/05\/kihid2-700x341.png 700w, https:\/\/prelive.digifabric.ee\/wp-content\/uploads\/2025\/05\/kihid2-150x73.png 150w\" sizes=\"auto, (max-width: 1263px) 100vw, 1263px\" \/><\/h3>\n<h3 class=\"\" data-start=\"1777\" data-end=\"1799\">6. Order Process<\/h3>\n<p class=\"\" data-start=\"1800\" data-end=\"1951\">The configurator provides an indicative preview of your design. You can test and visualize your product here, but the final order is placed as follows:<\/p>\n<ul data-start=\"1953\" data-end=\"2477\">\n<li class=\"\" data-start=\"1953\" data-end=\"2102\">\n<p class=\"\" data-start=\"1955\" data-end=\"2102\"><strong data-start=\"1955\" data-end=\"1997\">Select product and upload design file:<\/strong> In the configurator, choose the base product and upload your design file to preview it on the product.<\/p>\n<\/li>\n<li class=\"\" data-start=\"2103\" data-end=\"2315\">\n<p class=\"\" data-start=\"2105\" data-end=\"2171\"><strong data-start=\"2105\" data-end=\"2136\">Finalize product and order:<\/strong> In the product catalog, you can:<\/p>\n<ul data-start=\"2174\" data-end=\"2315\">\n<li class=\"\" data-start=\"2174\" data-end=\"2207\">\n<p class=\"\" data-start=\"2176\" data-end=\"2207\">Specify the desired quantity.<\/p>\n<\/li>\n<li class=\"\" data-start=\"2210\" data-end=\"2243\">\n<p class=\"\" data-start=\"2212\" data-end=\"2243\">Upload the final design file.<\/p>\n<\/li>\n<li class=\"\" data-start=\"2246\" data-end=\"2315\">\n<p class=\"\" data-start=\"2248\" data-end=\"2315\">Describe your vision or additional requests in the comment field.<\/p>\n<\/li>\n<\/ul>\n<\/li>\n<li class=\"\" data-start=\"2316\" data-end=\"2477\">\n<p class=\"\" data-start=\"2318\" data-end=\"2477\"><strong data-start=\"2318\" data-end=\"2341\">Order confirmation:<\/strong> After submitting your selections, you can confirm the order. If needed, our team will contact you to clarify details before production.<\/p>\n<\/li>\n<\/ul>\n<p><img loading=\"lazy\" decoding=\"async\" class=\"aligncenter size-full wp-image-11738\" src=\"https:\/\/prelive.digifabric.ee\/wp-content\/uploads\/2025\/05\/toodee.png\" alt=\"\" width=\"839\" height=\"435\" srcset=\"https:\/\/prelive.digifabric.ee\/wp-content\/uploads\/2025\/05\/toodee.png 839w, https:\/\/prelive.digifabric.ee\/wp-content\/uploads\/2025\/05\/toodee-400x207.png 400w, https:\/\/prelive.digifabric.ee\/wp-content\/uploads\/2025\/05\/toodee-768x398.png 768w, https:\/\/prelive.digifabric.ee\/wp-content\/uploads\/2025\/05\/toodee-430x223.png 430w, https:\/\/prelive.digifabric.ee\/wp-content\/uploads\/2025\/05\/toodee-700x363.png 700w, https:\/\/prelive.digifabric.ee\/wp-content\/uploads\/2025\/05\/toodee-150x78.png 150w\" sizes=\"auto, (max-width: 839px) 100vw, 839px\" \/>[\/vc_column_text]<div id=\"wd-6824a012760b1\" class=\" wd-rs-6824a012760b1  wd-button-wrapper text-center\"><a href=\"https:\/\/prelive.digifabric.ee\/disaini-ise\/\" title=\"Start desinging\" class=\"btn btn-color-primary btn-style-default btn-style-semi-round btn-size-large\">Start desinging<\/a><\/div>[\/vc_column][vc_column width=&#8221;1\/6&#8243;][\/vc_column][\/vc_row][vc_row][vc_column][vc_column_text]&nbsp;[\/vc_column_text][\/vc_column][\/vc_row]<\/p>\n<\/div>","protected":false},"excerpt":{"rendered":"<p>[vc_row][vc_column][vc_column_text]&nbsp;[\/vc_column_text][\/vc_column][\/vc_row][vc_row][vc_column width=&#8221;1\/6&#8243;][\/vc_column][vc_column width=&#8221;2\/3&#8243;][vc_column_text css=&#8221;&#8221; woodmart_inline=&#8221;no&#8221; text_larger=&#8221;no&#8221;] What is the \u201cDesign It Yourself\u201d Configurator? The Digifabric design editor allows you to<\/p>\n","protected":false},"author":1,"featured_media":0,"parent":0,"menu_order":0,"comment_status":"closed","ping_status":"closed","template":"","meta":{"_acf_changed":false,"footnotes":""},"class_list":["post-11503","page","type-page","status-publish","hentry"],"acf":[],"yoast_head":"<!-- This site is optimized with the Yoast SEO plugin v25.1 - https:\/\/yoast.com\/wordpress\/plugins\/seo\/ -->\n<title>DESIGN YOURSELF - Digifabric - Digitr\u00fcki t\u00f6\u00f6koda<\/title>\n<meta name=\"robots\" content=\"noindex, follow, max-snippet:-1, max-image-preview:large, max-video-preview:-1\" \/>\n<meta property=\"og:locale\" content=\"en_US\" \/>\n<meta property=\"og:type\" content=\"article\" \/>\n<meta property=\"og:title\" content=\"DESIGN YOURSELF - Digifabric - Digitr\u00fcki t\u00f6\u00f6koda\" \/>\n<meta property=\"og:description\" content=\"[vc_row][vc_column][vc_column_text]&nbsp;[\/vc_column_text][\/vc_column][\/vc_row][vc_row][vc_column width=&#8221;1\/6&#8243;][\/vc_column][vc_column width=&#8221;2\/3&#8243;][vc_column_text css=&#8221;&#8221; woodmart_inline=&#8221;no&#8221; text_larger=&#8221;no&#8221;] What is the \u201cDesign It Yourself\u201d Configurator? The Digifabric design editor allows you to\" \/>\n<meta property=\"og:url\" content=\"https:\/\/prelive.digifabric.ee\/en\/design-yourself\/\" \/>\n<meta property=\"og:site_name\" content=\"Digifabric - Digitr\u00fcki t\u00f6\u00f6koda\" \/>\n<meta property=\"article:modified_time\" content=\"2025-05-14T13:52:26+00:00\" \/>\n<meta property=\"og:image\" content=\"https:\/\/prelive.digifabric.ee\/wp-content\/uploads\/2025\/05\/tooted1.png\" \/>\n\t<meta property=\"og:image:width\" content=\"1228\" \/>\n\t<meta property=\"og:image:height\" content=\"539\" \/>\n\t<meta property=\"og:image:type\" content=\"image\/png\" \/>\n<meta name=\"twitter:card\" content=\"summary_large_image\" \/>\n<meta name=\"twitter:label1\" content=\"Est. reading time\" \/>\n\t<meta name=\"twitter:data1\" content=\"3 minutes\" \/>\n<script type=\"application\/ld+json\" class=\"yoast-schema-graph\">{\"@context\":\"https:\/\/schema.org\",\"@graph\":[{\"@type\":\"WebPage\",\"@id\":\"https:\/\/prelive.digifabric.ee\/en\/design-yourself\/\",\"url\":\"https:\/\/prelive.digifabric.ee\/en\/design-yourself\/\",\"name\":\"DESIGN YOURSELF - Digifabric - Digitr\u00fcki t\u00f6\u00f6koda\",\"isPartOf\":{\"@id\":\"https:\/\/prelive.digifabric.ee\/#website\"},\"primaryImageOfPage\":{\"@id\":\"https:\/\/prelive.digifabric.ee\/en\/design-yourself\/#primaryimage\"},\"image\":{\"@id\":\"https:\/\/prelive.digifabric.ee\/en\/design-yourself\/#primaryimage\"},\"thumbnailUrl\":\"https:\/\/prelive.digifabric.ee\/wp-content\/uploads\/2025\/05\/tooted1.png\",\"datePublished\":\"2025-04-05T06:17:43+00:00\",\"dateModified\":\"2025-05-14T13:52:26+00:00\",\"breadcrumb\":{\"@id\":\"https:\/\/prelive.digifabric.ee\/en\/design-yourself\/#breadcrumb\"},\"inLanguage\":\"en-US\",\"potentialAction\":[{\"@type\":\"ReadAction\",\"target\":[\"https:\/\/prelive.digifabric.ee\/en\/design-yourself\/\"]}]},{\"@type\":\"ImageObject\",\"inLanguage\":\"en-US\",\"@id\":\"https:\/\/prelive.digifabric.ee\/en\/design-yourself\/#primaryimage\",\"url\":\"https:\/\/prelive.digifabric.ee\/wp-content\/uploads\/2025\/05\/tooted1.png\",\"contentUrl\":\"https:\/\/prelive.digifabric.ee\/wp-content\/uploads\/2025\/05\/tooted1.png\"},{\"@type\":\"BreadcrumbList\",\"@id\":\"https:\/\/prelive.digifabric.ee\/en\/design-yourself\/#breadcrumb\",\"itemListElement\":[{\"@type\":\"ListItem\",\"position\":1,\"name\":\"Home\",\"item\":\"https:\/\/prelive.digifabric.ee\/en\/homepage\/\"},{\"@type\":\"ListItem\",\"position\":2,\"name\":\"DESIGN YOURSELF\"}]},{\"@type\":\"WebSite\",\"@id\":\"https:\/\/prelive.digifabric.ee\/#website\",\"url\":\"https:\/\/prelive.digifabric.ee\/\",\"name\":\"Digifabric - Digitr\u00fcki t\u00f6\u00f6koda\",\"description\":\"\",\"publisher\":{\"@id\":\"https:\/\/prelive.digifabric.ee\/#organization\"},\"potentialAction\":[{\"@type\":\"SearchAction\",\"target\":{\"@type\":\"EntryPoint\",\"urlTemplate\":\"https:\/\/prelive.digifabric.ee\/?s={search_term_string}\"},\"query-input\":{\"@type\":\"PropertyValueSpecification\",\"valueRequired\":true,\"valueName\":\"search_term_string\"}}],\"inLanguage\":\"en-US\"},{\"@type\":\"Organization\",\"@id\":\"https:\/\/prelive.digifabric.ee\/#organization\",\"name\":\"Digifabric - Digitr\u00fcki t\u00f6\u00f6koda\",\"url\":\"https:\/\/prelive.digifabric.ee\/\",\"logo\":{\"@type\":\"ImageObject\",\"inLanguage\":\"en-US\",\"@id\":\"https:\/\/prelive.digifabric.ee\/#\/schema\/logo\/image\/\",\"url\":\"https:\/\/prelive.digifabric.ee\/wp-content\/uploads\/2025\/02\/LOGO-2-e1739801915824.png\",\"contentUrl\":\"https:\/\/prelive.digifabric.ee\/wp-content\/uploads\/2025\/02\/LOGO-2-e1739801915824.png\",\"width\":2160,\"height\":1577,\"caption\":\"Digifabric - Digitr\u00fcki t\u00f6\u00f6koda\"},\"image\":{\"@id\":\"https:\/\/prelive.digifabric.ee\/#\/schema\/logo\/image\/\"}}]}<\/script>\n<!-- \/ Yoast SEO plugin. -->","yoast_head_json":{"title":"DESIGN YOURSELF - Digifabric - Digitr\u00fcki t\u00f6\u00f6koda","robots":{"index":"noindex","follow":"follow","max-snippet":"max-snippet:-1","max-image-preview":"max-image-preview:large","max-video-preview":"max-video-preview:-1"},"og_locale":"en_US","og_type":"article","og_title":"DESIGN YOURSELF - Digifabric - Digitr\u00fcki t\u00f6\u00f6koda","og_description":"[vc_row][vc_column][vc_column_text]&nbsp;[\/vc_column_text][\/vc_column][\/vc_row][vc_row][vc_column width=&#8221;1\/6&#8243;][\/vc_column][vc_column width=&#8221;2\/3&#8243;][vc_column_text css=&#8221;&#8221; woodmart_inline=&#8221;no&#8221; text_larger=&#8221;no&#8221;] What is the \u201cDesign It Yourself\u201d Configurator? The Digifabric design editor allows you to","og_url":"https:\/\/prelive.digifabric.ee\/en\/design-yourself\/","og_site_name":"Digifabric - Digitr\u00fcki t\u00f6\u00f6koda","article_modified_time":"2025-05-14T13:52:26+00:00","og_image":[{"width":1228,"height":539,"url":"https:\/\/prelive.digifabric.ee\/wp-content\/uploads\/2025\/05\/tooted1.png","type":"image\/png"}],"twitter_card":"summary_large_image","twitter_misc":{"Est. reading time":"3 minutes"},"schema":{"@context":"https:\/\/schema.org","@graph":[{"@type":"WebPage","@id":"https:\/\/prelive.digifabric.ee\/en\/design-yourself\/","url":"https:\/\/prelive.digifabric.ee\/en\/design-yourself\/","name":"DESIGN YOURSELF - Digifabric - Digitr\u00fcki t\u00f6\u00f6koda","isPartOf":{"@id":"https:\/\/prelive.digifabric.ee\/#website"},"primaryImageOfPage":{"@id":"https:\/\/prelive.digifabric.ee\/en\/design-yourself\/#primaryimage"},"image":{"@id":"https:\/\/prelive.digifabric.ee\/en\/design-yourself\/#primaryimage"},"thumbnailUrl":"https:\/\/prelive.digifabric.ee\/wp-content\/uploads\/2025\/05\/tooted1.png","datePublished":"2025-04-05T06:17:43+00:00","dateModified":"2025-05-14T13:52:26+00:00","breadcrumb":{"@id":"https:\/\/prelive.digifabric.ee\/en\/design-yourself\/#breadcrumb"},"inLanguage":"en-US","potentialAction":[{"@type":"ReadAction","target":["https:\/\/prelive.digifabric.ee\/en\/design-yourself\/"]}]},{"@type":"ImageObject","inLanguage":"en-US","@id":"https:\/\/prelive.digifabric.ee\/en\/design-yourself\/#primaryimage","url":"https:\/\/prelive.digifabric.ee\/wp-content\/uploads\/2025\/05\/tooted1.png","contentUrl":"https:\/\/prelive.digifabric.ee\/wp-content\/uploads\/2025\/05\/tooted1.png"},{"@type":"BreadcrumbList","@id":"https:\/\/prelive.digifabric.ee\/en\/design-yourself\/#breadcrumb","itemListElement":[{"@type":"ListItem","position":1,"name":"Home","item":"https:\/\/prelive.digifabric.ee\/en\/homepage\/"},{"@type":"ListItem","position":2,"name":"DESIGN YOURSELF"}]},{"@type":"WebSite","@id":"https:\/\/prelive.digifabric.ee\/#website","url":"https:\/\/prelive.digifabric.ee\/","name":"Digifabric - Digitr\u00fcki t\u00f6\u00f6koda","description":"","publisher":{"@id":"https:\/\/prelive.digifabric.ee\/#organization"},"potentialAction":[{"@type":"SearchAction","target":{"@type":"EntryPoint","urlTemplate":"https:\/\/prelive.digifabric.ee\/?s={search_term_string}"},"query-input":{"@type":"PropertyValueSpecification","valueRequired":true,"valueName":"search_term_string"}}],"inLanguage":"en-US"},{"@type":"Organization","@id":"https:\/\/prelive.digifabric.ee\/#organization","name":"Digifabric - Digitr\u00fcki t\u00f6\u00f6koda","url":"https:\/\/prelive.digifabric.ee\/","logo":{"@type":"ImageObject","inLanguage":"en-US","@id":"https:\/\/prelive.digifabric.ee\/#\/schema\/logo\/image\/","url":"https:\/\/prelive.digifabric.ee\/wp-content\/uploads\/2025\/02\/LOGO-2-e1739801915824.png","contentUrl":"https:\/\/prelive.digifabric.ee\/wp-content\/uploads\/2025\/02\/LOGO-2-e1739801915824.png","width":2160,"height":1577,"caption":"Digifabric - Digitr\u00fcki t\u00f6\u00f6koda"},"image":{"@id":"https:\/\/prelive.digifabric.ee\/#\/schema\/logo\/image\/"}}]}},"_links":{"self":[{"href":"https:\/\/prelive.digifabric.ee\/en\/wp-json\/wp\/v2\/pages\/11503","targetHints":{"allow":["GET"]}}],"collection":[{"href":"https:\/\/prelive.digifabric.ee\/en\/wp-json\/wp\/v2\/pages"}],"about":[{"href":"https:\/\/prelive.digifabric.ee\/en\/wp-json\/wp\/v2\/types\/page"}],"author":[{"embeddable":true,"href":"https:\/\/prelive.digifabric.ee\/en\/wp-json\/wp\/v2\/users\/1"}],"replies":[{"embeddable":true,"href":"https:\/\/prelive.digifabric.ee\/en\/wp-json\/wp\/v2\/comments?post=11503"}],"version-history":[{"count":5,"href":"https:\/\/prelive.digifabric.ee\/en\/wp-json\/wp\/v2\/pages\/11503\/revisions"}],"predecessor-version":[{"id":11782,"href":"https:\/\/prelive.digifabric.ee\/en\/wp-json\/wp\/v2\/pages\/11503\/revisions\/11782"}],"wp:attachment":[{"href":"https:\/\/prelive.digifabric.ee\/en\/wp-json\/wp\/v2\/media?parent=11503"}],"curies":[{"name":"wp","href":"https:\/\/api.w.org\/{rel}","templated":true}]}}