{"id":11343,"date":"2021-08-25T07:26:28","date_gmt":"2021-08-25T05:26:28","guid":{"rendered":"https:\/\/prelive.digifabric.ee\/about-us\/"},"modified":"2025-04-17T15:52:30","modified_gmt":"2025-04-17T13:52:30","slug":"about-us","status":"publish","type":"page","link":"https:\/\/prelive.digifabric.ee\/en\/about-us\/","title":{"rendered":"About Us"},"content":{"rendered":"<div class=\"wpb-content-wrapper\"><p>[vc_row full_width=&#8221;stretch_row&#8221; content_placement=&#8221;top&#8221; css=&#8221;.vc_custom_1742719093059{margin-top: -40px !important;margin-bottom: 80px !important;padding-top: 80px !important;padding-bottom: 40px !important;background-color: #f9f9f9 !important;}&#8221; mobile_bg_img_hidden=&#8221;no&#8221; tablet_bg_img_hidden=&#8221;no&#8221; woodmart_parallax=&#8221;0&#8243; woodmart_gradient_switch=&#8221;no&#8221; row_reverse_mobile=&#8221;0&#8243; row_reverse_tablet=&#8221;0&#8243; woodmart_disable_overflow=&#8221;0&#8243; wd_z_index=&#8221;no&#8221; woodmart_css_id=&#8221;67dfc86830f80&#8243; responsive_spacing=&#8221;eyJwYXJhbV90eXBlIjoid29vZG1hcnRfcmVzcG9uc2l2ZV9zcGFjaW5nIiwic2VsZWN0b3JfaWQiOiI2N2RmYzg2ODMwZjgwIiwic2hvcnRjb2RlIjoidmNfcm93IiwiZGF0YSI6eyJ0YWJsZXQiOnt9LCJtb2JpbGUiOnsibWFyZ2luLWJvdHRvbSI6IjYwcHgiLCJwYWRkaW5nLXRvcCI6IjYwcHgiLCJwYWRkaW5nLWJvdHRvbSI6IjIwcHgifX19&#8243; woodmart_box_shadow=&#8221;no&#8221;][vc_column css=&#8221;.vc_custom_1629876989711{margin-bottom: 40px !important;padding-top: 0px !important;}&#8221; mobile_bg_img_hidden=&#8221;no&#8221; tablet_bg_img_hidden=&#8221;no&#8221; woodmart_parallax=&#8221;0&#8243; woodmart_sticky_column=&#8221;false&#8221; parallax_scroll=&#8221;no&#8221; mobile_reset_margin=&#8221;no&#8221; tablet_reset_margin=&#8221;no&#8221; offset=&#8221;vc_col-lg-4 vc_col-md-4 vc_col-xs-12&#8243; wd_z_index=&#8221;no&#8221; woodmart_css_id=&#8221;6125f2fa74bd9&#8243; responsive_spacing=&#8221;eyJwYXJhbV90eXBlIjoid29vZG1hcnRfcmVzcG9uc2l2ZV9zcGFjaW5nIiwic2VsZWN0b3JfaWQiOiI2MTI1ZjJmYTc0YmQ5Iiwic2hvcnRjb2RlIjoidmNfY29sdW1uIiwiZGF0YSI6eyJ0YWJsZXQiOnt9LCJtb2JpbGUiOnt9fX0=&#8221;]\n\t\t<div id=\"wd-6797a98d0fcba\" class=\"title-wrapper wd-wpb set-mb-s reset-last-child  wd-rs-6797a98d0fcba wd-title-color-primary wd-title-style-default text-left vc_custom_1737992616321 wd-width-enabled wd-underline-colored\" style=\"--wd-max-width: 90%;\">\n\t\t\t\t\t\t\t<div class=\"title-subtitle  subtitle-color-primary font-default subtitle-style-default wd-font-weight-600 wd-fontsize-xs\">NEW OPPORTUNITY<\/div>\n\t\t\t\n\t\t\t<div class=\"liner-continer\">\n\t\t\t\t<h4 class=\"woodmart-title-container title  wd-font-weight- wd-fontsize-xl\" >DigiFabric now offers the possibility to create and print custom patterns on fabrics with your own design!<\/h4>\n\t\t\t\t\t\t\t<\/div>\n\t\t\t\n\t\t\t\n\t\t\t\n\t\t<\/div>\n\t\t\n\t\t[\/vc_column][vc_column width=&#8221;1\/2&#8243; css=&#8221;.vc_custom_1629876984854{margin-bottom: 40px !important;padding-top: 0px !important;}&#8221; mobile_bg_img_hidden=&#8221;no&#8221; tablet_bg_img_hidden=&#8221;no&#8221; woodmart_parallax=&#8221;0&#8243; woodmart_sticky_column=&#8221;false&#8221; parallax_scroll=&#8221;no&#8221; mobile_reset_margin=&#8221;no&#8221; tablet_reset_margin=&#8221;no&#8221; offset=&#8221;vc_col-lg-offset-1 vc_col-lg-3 vc_col-md-4&#8243; wd_z_index=&#8221;no&#8221; woodmart_css_id=&#8221;6125f2f5a2779&#8243; responsive_spacing=&#8221;eyJwYXJhbV90eXBlIjoid29vZG1hcnRfcmVzcG9uc2l2ZV9zcGFjaW5nIiwic2VsZWN0b3JfaWQiOiI2MTI1ZjJmNWEyNzc5Iiwic2hvcnRjb2RlIjoidmNfY29sdW1uIiwiZGF0YSI6eyJ0YWJsZXQiOnt9LCJtb2JpbGUiOnt9fX0=&#8221;]\t\t\t<div class=\"info-box-wrapper\">\n\t\t\t\t<div id=\"wd-67b7137389d21\" class=\" wd-rs-67b7137389d21 wd-info-box wd-wpb text-left box-icon-align-left box-style- color-scheme- wd-bg-none wd-items-top vc_custom_1740051317387\">\n\t\t\t\t\t\t\t\t\t\t<div class=\"info-box-content\">\n\t\t\t\t\t\t<h4 class=\"info-box-title title box-title-style-default wd-fontsize-m\">Vision<\/h4>\t\t\t\t\t\t<div class=\"info-box-inner set-cont-mb-s reset-last-child\"><p>DigiFabric is a well-known digital textile printer in the creative industries, such as fashion, art, and architecture, both in Estonia and worldwide.<\/p>\n<\/div>\n\n\t\t\t\t\t\t\t\t\t\t\t<\/div>\n\n\t\t\t\t\t\t\t\t\t\t\t<a class=\"wd-info-box-link wd-fill\" aria-label=\"Infobox link\" href=\"#\" title=\"\"><\/a>\n\t\t\t\t\t\n\t\t\t\t\t\t\t\t\t<\/div>\n\t\t\t<\/div>\n\t\t[\/vc_column][vc_column width=&#8221;1\/2&#8243; css=&#8221;.vc_custom_1629876980184{margin-bottom: 40px !important;padding-top: 0px !important;}&#8221; mobile_bg_img_hidden=&#8221;no&#8221; tablet_bg_img_hidden=&#8221;no&#8221; woodmart_parallax=&#8221;0&#8243; woodmart_sticky_column=&#8221;false&#8221; parallax_scroll=&#8221;no&#8221; mobile_reset_margin=&#8221;no&#8221; tablet_reset_margin=&#8221;no&#8221; offset=&#8221;vc_col-lg-offset-1 vc_col-lg-3 vc_col-md-4&#8243; wd_z_index=&#8221;no&#8221; woodmart_css_id=&#8221;6125f2efc6c08&#8243; responsive_spacing=&#8221;eyJwYXJhbV90eXBlIjoid29vZG1hcnRfcmVzcG9uc2l2ZV9zcGFjaW5nIiwic2VsZWN0b3JfaWQiOiI2MTI1ZjJlZmM2YzA4Iiwic2hvcnRjb2RlIjoidmNfY29sdW1uIiwiZGF0YSI6eyJ0YWJsZXQiOnt9LCJtb2JpbGUiOnt9fX0=&#8221;]\t\t\t<div class=\"info-box-wrapper\">\n\t\t\t\t<div id=\"wd-67b7134743217\" class=\" wd-rs-67b7134743217 wd-info-box wd-wpb text-left box-icon-align-left box-style- color-scheme- wd-bg-none wd-items-top vc_custom_1740051276705\">\n\t\t\t\t\t\t\t\t\t\t<div class=\"info-box-content\">\n\t\t\t\t\t\t<h4 class=\"info-box-title title box-title-style-default wd-fontsize-m\">Mission<\/h4>\t\t\t\t\t\t<div class=\"info-box-inner set-cont-mb-s reset-last-child\"><p>DigiFabric provides a high-quality and reputable digital printing service, offering fabric printing solutions for natural fiber textiles with various surface densities.<\/p>\n<\/div>\n\n\t\t\t\t\t\t\t\t\t\t\t<\/div>\n\n\t\t\t\t\t\t\t\t\t\t\t<a class=\"wd-info-box-link wd-fill\" aria-label=\"Infobox link\" href=\"#\" title=\"\"><\/a>\n\t\t\t\t\t\n\t\t\t\t\t\t\t\t\t<\/div>\n\t\t\t<\/div>\n\t\t[\/vc_column][\/vc_row][vc_row][vc_column width=&#8221;2\/5&#8243;]\t\t<div id=\"wd-67b35d4ba405d\" class=\"wd-image wd-wpb wd-rs-67b35d4ba405d text-left vc_custom_1739808109365\">\n\t\t\t\n\t\t\t<img loading=\"lazy\" decoding=\"async\" width=\"1080\" height=\"1080\" src=\"https:\/\/prelive.digifabric.ee\/wp-content\/uploads\/2025\/02\/Pilt-1-1080x1080px.png\" class=\"attachment-full size-full\" alt=\"\" srcset=\"https:\/\/prelive.digifabric.ee\/wp-content\/uploads\/2025\/02\/Pilt-1-1080x1080px.png 1080w, https:\/\/prelive.digifabric.ee\/wp-content\/uploads\/2025\/02\/Pilt-1-1080x1080px-430x430.png 430w, https:\/\/prelive.digifabric.ee\/wp-content\/uploads\/2025\/02\/Pilt-1-1080x1080px-150x150.png 150w, https:\/\/prelive.digifabric.ee\/wp-content\/uploads\/2025\/02\/Pilt-1-1080x1080px-700x700.png 700w, https:\/\/prelive.digifabric.ee\/wp-content\/uploads\/2025\/02\/Pilt-1-1080x1080px-300x300.png 300w, https:\/\/prelive.digifabric.ee\/wp-content\/uploads\/2025\/02\/Pilt-1-1080x1080px-800x800.png 800w, https:\/\/prelive.digifabric.ee\/wp-content\/uploads\/2025\/02\/Pilt-1-1080x1080px-768x768.png 768w\" sizes=\"auto, (max-width: 1080px) 100vw, 1080px\" \/>\n\t\t\t\t\t<\/div>\n\t\t[\/vc_column][vc_column width=&#8221;3\/5&#8243; woodmart_text_align=&#8221;left&#8221; horizontal_alignment=&#8221;eyJkZXZpY2VzIjp7ImRlc2t0b3AiOnsidmFsdWUiOiJjZW50ZXIifSwidGFibGV0Ijp7InZhbHVlIjoiIn0sIm1vYmlsZSI6eyJ2YWx1ZSI6IiJ9fX0=&#8221; woodmart_css_id=&#8221;67b3609c93917&#8243; parallax_scroll=&#8221;no&#8221; woodmart_sticky_column=&#8221;false&#8221; wd_collapsible_content_switcher=&#8221;no&#8221; wd_column_role_offcanvas_desktop=&#8221;no&#8221; wd_column_role_offcanvas_tablet=&#8221;no&#8221; wd_column_role_offcanvas_mobile=&#8221;no&#8221; wd_column_role_content_desktop=&#8221;no&#8221; wd_column_role_content_tablet=&#8221;no&#8221; wd_column_role_content_mobile=&#8221;no&#8221; mobile_bg_img_hidden=&#8221;no&#8221; tablet_bg_img_hidden=&#8221;no&#8221; woodmart_parallax=&#8221;0&#8243; woodmart_box_shadow=&#8221;no&#8221; responsive_spacing=&#8221;eyJwYXJhbV90eXBlIjoid29vZG1hcnRfcmVzcG9uc2l2ZV9zcGFjaW5nIiwic2VsZWN0b3JfaWQiOiI2N2IzNjA5YzkzOTE3Iiwic2hvcnRjb2RlIjoidmNfY29sdW1uIiwiZGF0YSI6eyJ0YWJsZXQiOnt9LCJtb2JpbGUiOnt9fX0=&#8221; mobile_reset_margin=&#8221;no&#8221; tablet_reset_margin=&#8221;no&#8221; wd_z_index=&#8221;no&#8221;]\n\t\t<div id=\"wd-6801075ead45d\" class=\"title-wrapper wd-wpb set-mb-s reset-last-child  wd-rs-6801075ead45d wd-enabled-width wd-title-color-primary wd-title-style-default text-left vc_custom_1744897895241 wd-underline-colored\">\n\t\t\t\n\t\t\t<div class=\"liner-continer\">\n\t\t\t\t<h4 class=\"woodmart-title-container title  wd-font-weight- wd-fontsize-xxl\" >7 Years of Research \u2013 And We Made It Happen!<\/h4>\n\t\t\t\t\t\t\t<\/div>\n\t\t\t\n\t\t\t\t\t\t\t<div class=\"title-after_title  set-cont-mb-s reset-last-child  wd-fontsize-s\">The idea for DigiFabric was born in 2017, when we explored digital inkjet printing in Germany. Ada, a lecturer at TTK University of Applied Sciences, delved deeper into the topic and discovered that printing on natural fiber fabrics requires specialized equipment, special dyes, and unique processing methods. Since such a service was not available in Estonia, we decided to create it ourselves. Now, this opportunity is here \u2013 DigiFabric can print on cotton, viscose, or linen fabrics for you!<\/div>\n\t\t\t\n\t\t\t\n\t\t<\/div>\n\t\t\n\t\t[\/vc_column][\/vc_row][vc_row css=&#8221;.vc_custom_1742130208932{margin-top: 40px !important;}&#8221; woodmart_css_id=&#8221;67d6cc1930450&#8243; responsive_spacing=&#8221;eyJwYXJhbV90eXBlIjoid29vZG1hcnRfcmVzcG9uc2l2ZV9zcGFjaW5nIiwic2VsZWN0b3JfaWQiOiI2N2Q2Y2MxOTMwNDUwIiwic2hvcnRjb2RlIjoidmNfcm93IiwiZGF0YSI6eyJ0YWJsZXQiOnt9LCJtb2JpbGUiOnsibWFyZ2luLXRvcCI6IjMwIn19fQ==&#8221; mobile_bg_img_hidden=&#8221;no&#8221; tablet_bg_img_hidden=&#8221;no&#8221; woodmart_parallax=&#8221;0&#8243; woodmart_gradient_switch=&#8221;no&#8221; woodmart_box_shadow=&#8221;no&#8221; wd_z_index=&#8221;no&#8221; woodmart_disable_overflow=&#8221;0&#8243; row_reverse_mobile=&#8221;1&#8243; row_reverse_tablet=&#8221;1&#8243;][vc_column width=&#8221;3\/5&#8243; vertical_alignment=&#8221;eyJkZXZpY2VzIjp7ImRlc2t0b3AiOnsidmFsdWUiOiJjZW50ZXIifSwidGFibGV0Ijp7InZhbHVlIjoiIn0sIm1vYmlsZSI6eyJ2YWx1ZSI6IiJ9fX0=&#8221; horizontal_alignment=&#8221;eyJkZXZpY2VzIjp7ImRlc2t0b3AiOnsidmFsdWUiOiJjZW50ZXIifSwidGFibGV0Ijp7InZhbHVlIjoiIn0sIm1vYmlsZSI6eyJ2YWx1ZSI6IiJ9fX0=&#8221; woodmart_css_id=&#8221;67d6cc39298c8&#8243; parallax_scroll=&#8221;no&#8221; woodmart_sticky_column=&#8221;false&#8221; wd_collapsible_content_switcher=&#8221;no&#8221; wd_column_role_offcanvas_desktop=&#8221;no&#8221; wd_column_role_offcanvas_tablet=&#8221;no&#8221; wd_column_role_offcanvas_mobile=&#8221;no&#8221; wd_column_role_content_desktop=&#8221;no&#8221; wd_column_role_content_tablet=&#8221;no&#8221; wd_column_role_content_mobile=&#8221;no&#8221; mobile_bg_img_hidden=&#8221;no&#8221; tablet_bg_img_hidden=&#8221;no&#8221; woodmart_parallax=&#8221;0&#8243; woodmart_box_shadow=&#8221;no&#8221; responsive_spacing=&#8221;eyJwYXJhbV90eXBlIjoid29vZG1hcnRfcmVzcG9uc2l2ZV9zcGFjaW5nIiwic2VsZWN0b3JfaWQiOiI2N2Q2Y2MzOTI5OGM4Iiwic2hvcnRjb2RlIjoidmNfY29sdW1uIiwiZGF0YSI6eyJ0YWJsZXQiOnt9LCJtb2JpbGUiOnsibWFyZ2luLXRvcCI6IjIwIn19fQ==&#8221; mobile_reset_margin=&#8221;no&#8221; tablet_reset_margin=&#8221;no&#8221; wd_z_index=&#8221;no&#8221;]\n\t\t<div id=\"wd-6801077c756e5\" class=\"title-wrapper wd-wpb set-mb-s reset-last-child  wd-rs-6801077c756e5 wd-enabled-width wd-title-color-primary wd-title-style-default text-left vc_custom_1744897925718 wd-underline-colored\">\n\t\t\t\n\t\t\t<div class=\"liner-continer\">\n\t\t\t\t<h4 class=\"woodmart-title-container title  wd-font-weight- wd-fontsize-xxl\" >Our Specialist<\/h4>\n\t\t\t\t\t\t\t<\/div>\n\t\t\t\n\t\t\t\t\t\t\t<div class=\"title-after_title  set-cont-mb-s reset-last-child  wd-fontsize-s\">Ada is the founder and specialist at DigiFabric! With nearly 30 years of experience in the clothing and textile industry, she is also a professor at TTK University of Applied Sciences. Passionate about new technologies and innovative solutions, she ensures that we provide professional consulting and high-quality services to our customers!<\/div>\n\t\t\t\n\t\t\t\n\t\t<\/div>\n\t\t\n\t\t[\/vc_column][vc_column width=&#8221;2\/5&#8243;]\t\t<div id=\"wd-67b35e3e704e3\" class=\"wd-image wd-wpb wd-rs-67b35e3e704e3 text-left vc_custom_1739808324556\">\n\t\t\t\n\t\t\t<img loading=\"lazy\" decoding=\"async\" width=\"1080\" height=\"1080\" src=\"https:\/\/prelive.digifabric.ee\/wp-content\/uploads\/2025\/02\/Pilt-2-1080x1080px.png\" class=\"attachment-full size-full\" alt=\"\" srcset=\"https:\/\/prelive.digifabric.ee\/wp-content\/uploads\/2025\/02\/Pilt-2-1080x1080px.png 1080w, https:\/\/prelive.digifabric.ee\/wp-content\/uploads\/2025\/02\/Pilt-2-1080x1080px-430x430.png 430w, https:\/\/prelive.digifabric.ee\/wp-content\/uploads\/2025\/02\/Pilt-2-1080x1080px-150x150.png 150w, https:\/\/prelive.digifabric.ee\/wp-content\/uploads\/2025\/02\/Pilt-2-1080x1080px-700x700.png 700w, https:\/\/prelive.digifabric.ee\/wp-content\/uploads\/2025\/02\/Pilt-2-1080x1080px-300x300.png 300w, https:\/\/prelive.digifabric.ee\/wp-content\/uploads\/2025\/02\/Pilt-2-1080x1080px-800x800.png 800w, https:\/\/prelive.digifabric.ee\/wp-content\/uploads\/2025\/02\/Pilt-2-1080x1080px-768x768.png 768w\" sizes=\"auto, (max-width: 1080px) 100vw, 1080px\" \/>\n\t\t\t\t\t<\/div>\n\t\t[\/vc_column][\/vc_row][vc_row css=&#8221;.vc_custom_1742130217001{margin-top: 40px !important;}&#8221; woodmart_css_id=&#8221;67d6cc23acfb2&#8243; responsive_spacing=&#8221;eyJwYXJhbV90eXBlIjoid29vZG1hcnRfcmVzcG9uc2l2ZV9zcGFjaW5nIiwic2VsZWN0b3JfaWQiOiI2N2Q2Y2MyM2FjZmIyIiwic2hvcnRjb2RlIjoidmNfcm93IiwiZGF0YSI6eyJ0YWJsZXQiOnt9LCJtb2JpbGUiOnsibWFyZ2luLXRvcCI6IjMwcHgifX19&#8243; mobile_bg_img_hidden=&#8221;no&#8221; tablet_bg_img_hidden=&#8221;no&#8221; woodmart_parallax=&#8221;0&#8243; woodmart_gradient_switch=&#8221;no&#8221; woodmart_box_shadow=&#8221;no&#8221; wd_z_index=&#8221;no&#8221; woodmart_disable_overflow=&#8221;0&#8243; row_reverse_mobile=&#8221;0&#8243; row_reverse_tablet=&#8221;0&#8243;][vc_column width=&#8221;2\/5&#8243;]\t\t<div id=\"wd-67b35eb064426\" class=\"wd-image wd-wpb wd-rs-67b35eb064426 text-left vc_custom_1739808440362\">\n\t\t\t\n\t\t\t<img loading=\"lazy\" decoding=\"async\" width=\"1080\" height=\"1080\" src=\"https:\/\/prelive.digifabric.ee\/wp-content\/uploads\/2025\/02\/Pilt-3-1080x1080px.png\" class=\"attachment-full size-full\" alt=\"\" srcset=\"https:\/\/prelive.digifabric.ee\/wp-content\/uploads\/2025\/02\/Pilt-3-1080x1080px.png 1080w, https:\/\/prelive.digifabric.ee\/wp-content\/uploads\/2025\/02\/Pilt-3-1080x1080px-430x430.png 430w, https:\/\/prelive.digifabric.ee\/wp-content\/uploads\/2025\/02\/Pilt-3-1080x1080px-150x150.png 150w, https:\/\/prelive.digifabric.ee\/wp-content\/uploads\/2025\/02\/Pilt-3-1080x1080px-700x700.png 700w, https:\/\/prelive.digifabric.ee\/wp-content\/uploads\/2025\/02\/Pilt-3-1080x1080px-300x300.png 300w, https:\/\/prelive.digifabric.ee\/wp-content\/uploads\/2025\/02\/Pilt-3-1080x1080px-800x800.png 800w, https:\/\/prelive.digifabric.ee\/wp-content\/uploads\/2025\/02\/Pilt-3-1080x1080px-768x768.png 768w\" sizes=\"auto, (max-width: 1080px) 100vw, 1080px\" \/>\n\t\t\t\t\t<\/div>\n\t\t[\/vc_column][vc_column width=&#8221;3\/5&#8243; vertical_alignment=&#8221;eyJkZXZpY2VzIjp7ImRlc2t0b3AiOnsidmFsdWUiOiJjZW50ZXIifSwidGFibGV0Ijp7InZhbHVlIjoiIn0sIm1vYmlsZSI6eyJ2YWx1ZSI6IiJ9fX0=&#8221; horizontal_alignment=&#8221;eyJkZXZpY2VzIjp7ImRlc2t0b3AiOnsidmFsdWUiOiJjZW50ZXIifSwidGFibGV0Ijp7InZhbHVlIjoiIn0sIm1vYmlsZSI6eyJ2YWx1ZSI6IiJ9fX0=&#8221; woodmart_css_id=&#8221;67b3612e679db&#8221; parallax_scroll=&#8221;no&#8221; woodmart_sticky_column=&#8221;false&#8221; wd_collapsible_content_switcher=&#8221;no&#8221; wd_column_role_offcanvas_desktop=&#8221;no&#8221; wd_column_role_offcanvas_tablet=&#8221;no&#8221; wd_column_role_offcanvas_mobile=&#8221;no&#8221; wd_column_role_content_desktop=&#8221;no&#8221; wd_column_role_content_tablet=&#8221;no&#8221; wd_column_role_content_mobile=&#8221;no&#8221; mobile_bg_img_hidden=&#8221;no&#8221; tablet_bg_img_hidden=&#8221;no&#8221; woodmart_parallax=&#8221;0&#8243; woodmart_box_shadow=&#8221;no&#8221; responsive_spacing=&#8221;eyJwYXJhbV90eXBlIjoid29vZG1hcnRfcmVzcG9uc2l2ZV9zcGFjaW5nIiwic2VsZWN0b3JfaWQiOiI2N2IzNjEyZTY3OWRiIiwic2hvcnRjb2RlIjoidmNfY29sdW1uIiwiZGF0YSI6eyJ0YWJsZXQiOnt9LCJtb2JpbGUiOnt9fX0=&#8221; mobile_reset_margin=&#8221;no&#8221; tablet_reset_margin=&#8221;no&#8221; wd_z_index=&#8221;no&#8221;]\n\t\t<div id=\"wd-67d6cc41c1b8f\" class=\"title-wrapper wd-wpb set-mb-s reset-last-child  wd-rs-67d6cc41c1b8f wd-enabled-width wd-title-color-primary wd-title-style-default text-left vc_custom_1742130247271 wd-underline-colored\">\n\t\t\t\n\t\t\t<div class=\"liner-continer\">\n\t\t\t\t<h4 class=\"woodmart-title-container title  wd-font-weight- wd-fontsize-xxl\" >Production Unit<\/h4>\n\t\t\t\t\t\t\t<\/div>\n\t\t\t\n\t\t\t\t\t\t\t<div class=\"title-after_title  set-cont-mb-s reset-last-child  wd-fontsize-s\">Our production facility is located in Southern Estonia, Otep\u00e4\u00e4 municipality. We are flexible in creating custom designs for both individuals and small businesses worldwide.<\/div>\n\t\t\t\n\t\t\t\n\t\t<\/div>\n\t\t\n\t\t[\/vc_column][\/vc_row]<\/p>\n<\/div>","protected":false},"excerpt":{"rendered":"<p>[vc_row full_width=&#8221;stretch_row&#8221; content_placement=&#8221;top&#8221; css=&#8221;.vc_custom_1742719093059{margin-top: -40px !important;margin-bottom: 80px !important;padding-top: 80px !important;padding-bottom: 40px !important;background-color: #f9f9f9 !important;}&#8221; mobile_bg_img_hidden=&#8221;no&#8221; tablet_bg_img_hidden=&#8221;no&#8221; woodmart_parallax=&#8221;0&#8243; woodmart_gradient_switch=&#8221;no&#8221; row_reverse_mobile=&#8221;0&#8243; row_reverse_tablet=&#8221;0&#8243;<\/p>\n","protected":false},"author":1,"featured_media":0,"parent":0,"menu_order":0,"comment_status":"closed","ping_status":"closed","template":"","meta":{"_acf_changed":false,"footnotes":""},"class_list":["post-11343","page","type-page","status-publish","hentry"],"acf":[],"yoast_head":"<!-- This site is optimized with the Yoast SEO plugin v25.1 - https:\/\/yoast.com\/wordpress\/plugins\/seo\/ -->\n<title>About Us - Digifabric - Digitr\u00fcki t\u00f6\u00f6koda<\/title>\n<meta name=\"robots\" content=\"noindex, follow, max-snippet:-1, max-image-preview:large, max-video-preview:-1\" \/>\n<meta property=\"og:locale\" content=\"en_US\" \/>\n<meta property=\"og:type\" content=\"article\" \/>\n<meta property=\"og:title\" content=\"About Us - Digifabric - Digitr\u00fcki t\u00f6\u00f6koda\" \/>\n<meta property=\"og:description\" content=\"[vc_row full_width=&#8221;stretch_row&#8221; content_placement=&#8221;top&#8221; css=&#8221;.vc_custom_1742719093059{margin-top: -40px !important;margin-bottom: 80px !important;padding-top: 80px !important;padding-bottom: 40px !important;background-color: #f9f9f9 !important;}&#8221; mobile_bg_img_hidden=&#8221;no&#8221; tablet_bg_img_hidden=&#8221;no&#8221; woodmart_parallax=&#8221;0&#8243; woodmart_gradient_switch=&#8221;no&#8221; row_reverse_mobile=&#8221;0&#8243; row_reverse_tablet=&#8221;0&#8243;\" \/>\n<meta property=\"og:url\" content=\"https:\/\/prelive.digifabric.ee\/en\/about-us\/\" \/>\n<meta property=\"og:site_name\" content=\"Digifabric - Digitr\u00fcki t\u00f6\u00f6koda\" \/>\n<meta property=\"article:modified_time\" content=\"2025-04-17T13:52:30+00:00\" \/>\n<meta name=\"twitter:card\" content=\"summary_large_image\" \/>\n<meta name=\"twitter:label1\" content=\"Est. reading time\" \/>\n\t<meta name=\"twitter:data1\" content=\"11 minutes\" \/>\n<script type=\"application\/ld+json\" class=\"yoast-schema-graph\">{\"@context\":\"https:\/\/schema.org\",\"@graph\":[{\"@type\":\"WebPage\",\"@id\":\"https:\/\/prelive.digifabric.ee\/en\/about-us\/\",\"url\":\"https:\/\/prelive.digifabric.ee\/en\/about-us\/\",\"name\":\"About Us - Digifabric - Digitr\u00fcki t\u00f6\u00f6koda\",\"isPartOf\":{\"@id\":\"https:\/\/prelive.digifabric.ee\/#website\"},\"datePublished\":\"2021-08-25T05:26:28+00:00\",\"dateModified\":\"2025-04-17T13:52:30+00:00\",\"breadcrumb\":{\"@id\":\"https:\/\/prelive.digifabric.ee\/en\/about-us\/#breadcrumb\"},\"inLanguage\":\"en-US\",\"potentialAction\":[{\"@type\":\"ReadAction\",\"target\":[\"https:\/\/prelive.digifabric.ee\/en\/about-us\/\"]}]},{\"@type\":\"BreadcrumbList\",\"@id\":\"https:\/\/prelive.digifabric.ee\/en\/about-us\/#breadcrumb\",\"itemListElement\":[{\"@type\":\"ListItem\",\"position\":1,\"name\":\"Home\",\"item\":\"https:\/\/prelive.digifabric.ee\/en\/homepage\/\"},{\"@type\":\"ListItem\",\"position\":2,\"name\":\"About Us\"}]},{\"@type\":\"WebSite\",\"@id\":\"https:\/\/prelive.digifabric.ee\/#website\",\"url\":\"https:\/\/prelive.digifabric.ee\/\",\"name\":\"Digifabric - Digitr\u00fcki t\u00f6\u00f6koda\",\"description\":\"\",\"publisher\":{\"@id\":\"https:\/\/prelive.digifabric.ee\/#organization\"},\"potentialAction\":[{\"@type\":\"SearchAction\",\"target\":{\"@type\":\"EntryPoint\",\"urlTemplate\":\"https:\/\/prelive.digifabric.ee\/?s={search_term_string}\"},\"query-input\":{\"@type\":\"PropertyValueSpecification\",\"valueRequired\":true,\"valueName\":\"search_term_string\"}}],\"inLanguage\":\"en-US\"},{\"@type\":\"Organization\",\"@id\":\"https:\/\/prelive.digifabric.ee\/#organization\",\"name\":\"Digifabric - Digitr\u00fcki t\u00f6\u00f6koda\",\"url\":\"https:\/\/prelive.digifabric.ee\/\",\"logo\":{\"@type\":\"ImageObject\",\"inLanguage\":\"en-US\",\"@id\":\"https:\/\/prelive.digifabric.ee\/#\/schema\/logo\/image\/\",\"url\":\"https:\/\/prelive.digifabric.ee\/wp-content\/uploads\/2025\/02\/LOGO-2-e1739801915824.png\",\"contentUrl\":\"https:\/\/prelive.digifabric.ee\/wp-content\/uploads\/2025\/02\/LOGO-2-e1739801915824.png\",\"width\":2160,\"height\":1577,\"caption\":\"Digifabric - Digitr\u00fcki t\u00f6\u00f6koda\"},\"image\":{\"@id\":\"https:\/\/prelive.digifabric.ee\/#\/schema\/logo\/image\/\"}}]}<\/script>\n<!-- \/ Yoast SEO plugin. -->","yoast_head_json":{"title":"About Us - Digifabric - Digitr\u00fcki t\u00f6\u00f6koda","robots":{"index":"noindex","follow":"follow","max-snippet":"max-snippet:-1","max-image-preview":"max-image-preview:large","max-video-preview":"max-video-preview:-1"},"og_locale":"en_US","og_type":"article","og_title":"About Us - Digifabric - Digitr\u00fcki t\u00f6\u00f6koda","og_description":"[vc_row full_width=&#8221;stretch_row&#8221; content_placement=&#8221;top&#8221; css=&#8221;.vc_custom_1742719093059{margin-top: -40px !important;margin-bottom: 80px !important;padding-top: 80px !important;padding-bottom: 40px !important;background-color: #f9f9f9 !important;}&#8221; mobile_bg_img_hidden=&#8221;no&#8221; tablet_bg_img_hidden=&#8221;no&#8221; woodmart_parallax=&#8221;0&#8243; woodmart_gradient_switch=&#8221;no&#8221; row_reverse_mobile=&#8221;0&#8243; row_reverse_tablet=&#8221;0&#8243;","og_url":"https:\/\/prelive.digifabric.ee\/en\/about-us\/","og_site_name":"Digifabric - Digitr\u00fcki t\u00f6\u00f6koda","article_modified_time":"2025-04-17T13:52:30+00:00","twitter_card":"summary_large_image","twitter_misc":{"Est. reading time":"11 minutes"},"schema":{"@context":"https:\/\/schema.org","@graph":[{"@type":"WebPage","@id":"https:\/\/prelive.digifabric.ee\/en\/about-us\/","url":"https:\/\/prelive.digifabric.ee\/en\/about-us\/","name":"About Us - Digifabric - Digitr\u00fcki t\u00f6\u00f6koda","isPartOf":{"@id":"https:\/\/prelive.digifabric.ee\/#website"},"datePublished":"2021-08-25T05:26:28+00:00","dateModified":"2025-04-17T13:52:30+00:00","breadcrumb":{"@id":"https:\/\/prelive.digifabric.ee\/en\/about-us\/#breadcrumb"},"inLanguage":"en-US","potentialAction":[{"@type":"ReadAction","target":["https:\/\/prelive.digifabric.ee\/en\/about-us\/"]}]},{"@type":"BreadcrumbList","@id":"https:\/\/prelive.digifabric.ee\/en\/about-us\/#breadcrumb","itemListElement":[{"@type":"ListItem","position":1,"name":"Home","item":"https:\/\/prelive.digifabric.ee\/en\/homepage\/"},{"@type":"ListItem","position":2,"name":"About Us"}]},{"@type":"WebSite","@id":"https:\/\/prelive.digifabric.ee\/#website","url":"https:\/\/prelive.digifabric.ee\/","name":"Digifabric - Digitr\u00fcki t\u00f6\u00f6koda","description":"","publisher":{"@id":"https:\/\/prelive.digifabric.ee\/#organization"},"potentialAction":[{"@type":"SearchAction","target":{"@type":"EntryPoint","urlTemplate":"https:\/\/prelive.digifabric.ee\/?s={search_term_string}"},"query-input":{"@type":"PropertyValueSpecification","valueRequired":true,"valueName":"search_term_string"}}],"inLanguage":"en-US"},{"@type":"Organization","@id":"https:\/\/prelive.digifabric.ee\/#organization","name":"Digifabric - Digitr\u00fcki t\u00f6\u00f6koda","url":"https:\/\/prelive.digifabric.ee\/","logo":{"@type":"ImageObject","inLanguage":"en-US","@id":"https:\/\/prelive.digifabric.ee\/#\/schema\/logo\/image\/","url":"https:\/\/prelive.digifabric.ee\/wp-content\/uploads\/2025\/02\/LOGO-2-e1739801915824.png","contentUrl":"https:\/\/prelive.digifabric.ee\/wp-content\/uploads\/2025\/02\/LOGO-2-e1739801915824.png","width":2160,"height":1577,"caption":"Digifabric - Digitr\u00fcki t\u00f6\u00f6koda"},"image":{"@id":"https:\/\/prelive.digifabric.ee\/#\/schema\/logo\/image\/"}}]}},"_links":{"self":[{"href":"https:\/\/prelive.digifabric.ee\/en\/wp-json\/wp\/v2\/pages\/11343","targetHints":{"allow":["GET"]}}],"collection":[{"href":"https:\/\/prelive.digifabric.ee\/en\/wp-json\/wp\/v2\/pages"}],"about":[{"href":"https:\/\/prelive.digifabric.ee\/en\/wp-json\/wp\/v2\/types\/page"}],"author":[{"embeddable":true,"href":"https:\/\/prelive.digifabric.ee\/en\/wp-json\/wp\/v2\/users\/1"}],"replies":[{"embeddable":true,"href":"https:\/\/prelive.digifabric.ee\/en\/wp-json\/wp\/v2\/comments?post=11343"}],"version-history":[{"count":4,"href":"https:\/\/prelive.digifabric.ee\/en\/wp-json\/wp\/v2\/pages\/11343\/revisions"}],"predecessor-version":[{"id":11718,"href":"https:\/\/prelive.digifabric.ee\/en\/wp-json\/wp\/v2\/pages\/11343\/revisions\/11718"}],"wp:attachment":[{"href":"https:\/\/prelive.digifabric.ee\/en\/wp-json\/wp\/v2\/media?parent=11343"}],"curies":[{"name":"wp","href":"https:\/\/api.w.org\/{rel}","templated":true}]}}