{"id":11337,"date":"2021-08-25T09:00:10","date_gmt":"2021-08-25T07:00:10","guid":{"rendered":"https:\/\/prelive.digifabric.ee\/contact-us\/"},"modified":"2025-04-06T11:53:12","modified_gmt":"2025-04-06T09:53:12","slug":"contact-us","status":"publish","type":"page","link":"https:\/\/prelive.digifabric.ee\/en\/contact-us\/","title":{"rendered":"Contact Us"},"content":{"rendered":"<div class=\"wpb-content-wrapper\"><p>[vc_row equal_height=&#8221;yes&#8221; css_animation=&#8221;none&#8221; responsive_tabs_advanced=&#8221;mobile&#8221; css=&#8221;.vc_custom_1743618622355{margin-right: -50px !important;margin-left: -50px !important;}&#8221; woodmart_css_id=&#8221;67ed8229e5207&#8243; responsive_spacing=&#8221;eyJwYXJhbV90eXBlIjoid29vZG1hcnRfcmVzcG9uc2l2ZV9zcGFjaW5nIiwic2VsZWN0b3JfaWQiOiI2N2VkODIyOWU1MjA3Iiwic2hvcnRjb2RlIjoidmNfcm93IiwiZGF0YSI6eyJ0YWJsZXQiOnt9LCJtb2JpbGUiOnt9fX0=&#8221; mobile_bg_img_hidden=&#8221;no&#8221; tablet_bg_img_hidden=&#8221;no&#8221; woodmart_parallax=&#8221;0&#8243; woodmart_gradient_switch=&#8221;no&#8221; woodmart_box_shadow=&#8221;no&#8221; wd_z_index=&#8221;no&#8221; woodmart_disable_overflow=&#8221;0&#8243; row_reverse_mobile=&#8221;1&#8243; row_reverse_tablet=&#8221;1&#8243;][vc_column css=&#8221;.vc_custom_1496927710186{border-right-width: 1px !important;padding-top: 20px !important;padding-right: 50px !important;padding-bottom: 10px !important;padding-left: 50px !important;border-right-color: #e8e8e8 !important;border-right-style: solid !important;}&#8221; offset=&#8221;vc_col-lg-6 vc_col-md-6&#8243;]\n\t\t<div id=\"wd-679748611c36f\" class=\"title-wrapper wd-wpb set-mb-s reset-last-child  wd-rs-679748611c36f wd-title-color-default wd-title-style-default text-left  wd-underline-colored\">\n\t\t\t\n\t\t\t<div class=\"liner-continer\">\n\t\t\t\t<h4 class=\"woodmart-title-container title  wd-font-weight- wd-fontsize-l\" >GENERAL DETAILS<\/h4>\n\t\t\t\t\t\t\t<\/div>\n\t\t\t\n\t\t\t\t\t\t\t<div class=\"title-after_title  set-cont-mb-s reset-last-child  wd-fontsize-xs\">The website digifabric.ee belongs to the company Traux O\u00dc. The company is registered in Estonia.<\/div>\n\t\t\t\n\t\t\t\n\t\t<\/div>\n\t\t\n\t\t\n\t\t<ul class=\" wd-rs-67b49de7e68db wd-list wd-wpb color-scheme- wd-fontsize-xs wd-list-type-icon wd-list-style-default wd-justify-left \" id=\"wd-67b49de7e68db\">\n\t\t\t\t\t\t\t\t\t\t\t<li>\n\t\t\t\t\t<span class=\"list-icon wd-icon fas fa-building\"><\/span>\n\t\t\t\t\t<span class=\"list-content\">Company name: Traux O\u00dc<\/span>\n\t\t\t\t\t\t\t\t\t<\/li>\n\t\t\t\t\t<\/ul>\n\t\t\n\t\t<ul class=\" wd-rs-67b49dc57856d wd-list wd-wpb color-scheme- wd-fontsize-xs wd-list-type-icon wd-list-style-default wd-justify-left \" id=\"wd-67b49dc57856d\">\n\t\t\t\t\t\t\t\t\t\t\t<li>\n\t\t\t\t\t<span class=\"list-icon wd-icon fas fa-briefcase\"><\/span>\n\t\t\t\t\t<span class=\"list-content\">Reg. code: 14657726<\/span>\n\t\t\t\t\t\t\t\t\t<\/li>\n\t\t\t\t\t<\/ul>\n\t\t\n\t\t<ul class=\" wd-rs-67b49dd89fdc8 wd-list wd-wpb color-scheme- wd-fontsize-xs wd-list-type-icon wd-list-style-default wd-justify-left \" id=\"wd-67b49dd89fdc8\">\n\t\t\t\t\t\t\t\t\t\t\t<li>\n\t\t\t\t\t<span class=\"list-icon wd-icon fas fa-building\"><\/span>\n\t\t\t\t\t<span class=\"list-content\">Address: Sooserva, Neeruti k\u00fcla, Otep\u00e4\u00e4 vald, Valgamaa 67505<\/span>\n\t\t\t\t\t\t\t\t\t<\/li>\n\t\t\t\t\t<\/ul>\n\t\t\n\t\t<ul class=\" wd-rs-67b49ddfcc432 wd-list wd-wpb color-scheme- wd-fontsize-xs wd-list-type-icon wd-list-style-default wd-justify-left \" id=\"wd-67b49ddfcc432\">\n\t\t\t\t\t\t\t\t\t\t\t<li>\n\t\t\t\t\t<span class=\"list-icon wd-icon fas fa-coins\"><\/span>\n\t\t\t\t\t<span class=\"list-content\">VAT nr.: 102792177<\/span>\n\t\t\t\t\t\t\t\t\t<\/li>\n\t\t\t\t\t<\/ul>\n\t\t[\/vc_column][vc_column css=&#8221;.vc_custom_1496927688909{padding-top: 20px !important;padding-right: 50px !important;padding-bottom: 10px !important;padding-left: 50px !important;}&#8221; offset=&#8221;vc_col-lg-6 vc_col-md-6&#8243;]\n\t\t<div id=\"wd-67eaf267f2ded\" class=\"title-wrapper wd-wpb set-mb-s reset-last-child  wd-rs-67eaf267f2ded wd-title-color-default wd-title-style-default text-left  wd-underline-colored\">\n\t\t\t\n\t\t\t<div class=\"liner-continer\">\n\t\t\t\t<h4 class=\"woodmart-title-container title  wd-font-weight- wd-fontsize-l\" >CONTACT US<\/h4>\n\t\t\t\t\t\t\t<\/div>\n\t\t\t\n\t\t\t\n\t\t\t\n\t\t<\/div>\n\t\t\n\t\t\n<div class=\"wpcf7 no-js\" id=\"wpcf7-f11674-o1\" lang=\"en-US\" dir=\"ltr\" data-wpcf7-id=\"11674\">\n<div class=\"screen-reader-response\"><p role=\"status\" aria-live=\"polite\" aria-atomic=\"true\"><\/p> <ul><\/ul><\/div>\n<form action=\"\/en\/wp-json\/wp\/v2\/pages\/11337#wpcf7-f11674-o1\" method=\"post\" class=\"wpcf7-form init\" aria-label=\"Contact form\" novalidate=\"novalidate\" data-status=\"init\">\n<div style=\"display: none;\">\n<input type=\"hidden\" name=\"_wpcf7\" value=\"11674\" \/>\n<input type=\"hidden\" name=\"_wpcf7_version\" value=\"6.0.6\" \/>\n<input type=\"hidden\" name=\"_wpcf7_locale\" value=\"en_US\" \/>\n<input type=\"hidden\" name=\"_wpcf7_unit_tag\" value=\"wpcf7-f11674-o1\" \/>\n<input type=\"hidden\" name=\"_wpcf7_container_post\" value=\"0\" \/>\n<input type=\"hidden\" name=\"_wpcf7_posted_data_hash\" value=\"\" \/>\n<\/div>\n<div class=\"row\">\n\t<p class=\"col-md-6\"><label>Name<\/label><span class=\"wpcf7-form-control-wrap\" data-name=\"your-name\"><input size=\"40\" maxlength=\"400\" class=\"wpcf7-form-control wpcf7-text wpcf7-validates-as-required\" aria-required=\"true\" aria-invalid=\"false\" value=\"\" type=\"text\" name=\"your-name\" \/><\/span>\n\t<\/p>\n\t<p class=\"col-md-6\"><label>E-mail<\/label><span class=\"wpcf7-form-control-wrap\" data-name=\"your-email\"><input size=\"40\" maxlength=\"400\" class=\"wpcf7-form-control wpcf7-email wpcf7-validates-as-required wpcf7-text wpcf7-validates-as-email\" aria-required=\"true\" aria-invalid=\"false\" value=\"\" type=\"email\" name=\"your-email\" \/><\/span>\n\t<\/p>\n<\/div>\n<div class=\"row\">\n\t<p class=\"col-md-6\"><label>Phone<\/label><span class=\"wpcf7-form-control-wrap\" data-name=\"tel-767\"><input size=\"40\" maxlength=\"400\" class=\"wpcf7-form-control wpcf7-tel wpcf7-text wpcf7-validates-as-tel\" aria-invalid=\"false\" value=\"\" type=\"tel\" name=\"tel-767\" \/><\/span>\n\t<\/p>\n\t<p class=\"col-md-6\"><label>Company name<\/label><span class=\"wpcf7-form-control-wrap\" data-name=\"text-1\"><input size=\"40\" maxlength=\"400\" class=\"wpcf7-form-control wpcf7-text\" aria-invalid=\"false\" value=\"\" type=\"text\" name=\"text-1\" \/><\/span>\n\t<\/p>\n<\/div>\n<p><label>Message<\/label><span class=\"wpcf7-form-control-wrap\" data-name=\"your-message\"><textarea cols=\"40\" rows=\"10\" maxlength=\"2000\" class=\"wpcf7-form-control wpcf7-textarea\" aria-invalid=\"false\" name=\"your-message\"><\/textarea><\/span>\n<\/p>\n<p><input class=\"wpcf7-form-control wpcf7-submit has-spinner btn-color-black\" type=\"submit\" value=\"ASK A QUESTION\" \/>\n<\/p><div class=\"wpcf7-response-output\" aria-hidden=\"true\"><\/div>\n<\/form>\n<\/div>\n[\/vc_column][\/vc_row]<\/p>\n<\/div>","protected":false},"excerpt":{"rendered":"<p>[vc_row equal_height=&#8221;yes&#8221; css_animation=&#8221;none&#8221; responsive_tabs_advanced=&#8221;mobile&#8221; css=&#8221;.vc_custom_1743618622355{margin-right: -50px !important;margin-left: -50px !important;}&#8221; woodmart_css_id=&#8221;67ed8229e5207&#8243; responsive_spacing=&#8221;eyJwYXJhbV90eXBlIjoid29vZG1hcnRfcmVzcG9uc2l2ZV9zcGFjaW5nIiwic2VsZWN0b3JfaWQiOiI2N2VkODIyOWU1MjA3Iiwic2hvcnRjb2RlIjoidmNfcm93IiwiZGF0YSI6eyJ0YWJsZXQiOnt9LCJtb2JpbGUiOnt9fX0=&#8221; mobile_bg_img_hidden=&#8221;no&#8221; tablet_bg_img_hidden=&#8221;no&#8221; woodmart_parallax=&#8221;0&#8243; woodmart_gradient_switch=&#8221;no&#8221; woodmart_box_shadow=&#8221;no&#8221; wd_z_index=&#8221;no&#8221; woodmart_disable_overflow=&#8221;0&#8243; row_reverse_mobile=&#8221;1&#8243; row_reverse_tablet=&#8221;1&#8243;][vc_column<\/p>\n","protected":false},"author":1,"featured_media":0,"parent":0,"menu_order":0,"comment_status":"closed","ping_status":"closed","template":"","meta":{"_acf_changed":false,"footnotes":""},"class_list":["post-11337","page","type-page","status-publish","hentry"],"acf":[],"yoast_head":"<!-- This site is optimized with the Yoast SEO plugin v25.1 - https:\/\/yoast.com\/wordpress\/plugins\/seo\/ -->\n<title>Contact Us - Digifabric - Digitr\u00fcki t\u00f6\u00f6koda<\/title>\n<meta name=\"robots\" content=\"noindex, follow, max-snippet:-1, max-image-preview:large, max-video-preview:-1\" \/>\n<meta property=\"og:locale\" content=\"en_US\" \/>\n<meta property=\"og:type\" content=\"article\" \/>\n<meta property=\"og:title\" content=\"Contact Us - Digifabric - Digitr\u00fcki t\u00f6\u00f6koda\" \/>\n<meta property=\"og:description\" content=\"[vc_row equal_height=&#8221;yes&#8221; css_animation=&#8221;none&#8221; responsive_tabs_advanced=&#8221;mobile&#8221; css=&#8221;.vc_custom_1743618622355{margin-right: -50px !important;margin-left: -50px !important;}&#8221; woodmart_css_id=&#8221;67ed8229e5207&#8243; responsive_spacing=&#8221;eyJwYXJhbV90eXBlIjoid29vZG1hcnRfcmVzcG9uc2l2ZV9zcGFjaW5nIiwic2VsZWN0b3JfaWQiOiI2N2VkODIyOWU1MjA3Iiwic2hvcnRjb2RlIjoidmNfcm93IiwiZGF0YSI6eyJ0YWJsZXQiOnt9LCJtb2JpbGUiOnt9fX0=&#8221; mobile_bg_img_hidden=&#8221;no&#8221; tablet_bg_img_hidden=&#8221;no&#8221; woodmart_parallax=&#8221;0&#8243; woodmart_gradient_switch=&#8221;no&#8221; woodmart_box_shadow=&#8221;no&#8221; wd_z_index=&#8221;no&#8221; woodmart_disable_overflow=&#8221;0&#8243; row_reverse_mobile=&#8221;1&#8243; row_reverse_tablet=&#8221;1&#8243;][vc_column\" \/>\n<meta property=\"og:url\" content=\"https:\/\/prelive.digifabric.ee\/en\/contact-us\/\" \/>\n<meta property=\"og:site_name\" content=\"Digifabric - Digitr\u00fcki t\u00f6\u00f6koda\" \/>\n<meta property=\"article:modified_time\" content=\"2025-04-06T09:53:12+00:00\" \/>\n<meta name=\"twitter:card\" content=\"summary_large_image\" \/>\n<meta name=\"twitter:label1\" content=\"Est. reading time\" \/>\n\t<meta name=\"twitter:data1\" content=\"4 minutes\" \/>\n<script type=\"application\/ld+json\" class=\"yoast-schema-graph\">{\"@context\":\"https:\/\/schema.org\",\"@graph\":[{\"@type\":\"WebPage\",\"@id\":\"https:\/\/prelive.digifabric.ee\/en\/contact-us\/\",\"url\":\"https:\/\/prelive.digifabric.ee\/en\/contact-us\/\",\"name\":\"Contact Us - Digifabric - Digitr\u00fcki t\u00f6\u00f6koda\",\"isPartOf\":{\"@id\":\"https:\/\/prelive.digifabric.ee\/#website\"},\"datePublished\":\"2021-08-25T07:00:10+00:00\",\"dateModified\":\"2025-04-06T09:53:12+00:00\",\"breadcrumb\":{\"@id\":\"https:\/\/prelive.digifabric.ee\/en\/contact-us\/#breadcrumb\"},\"inLanguage\":\"en-US\",\"potentialAction\":[{\"@type\":\"ReadAction\",\"target\":[\"https:\/\/prelive.digifabric.ee\/en\/contact-us\/\"]}]},{\"@type\":\"BreadcrumbList\",\"@id\":\"https:\/\/prelive.digifabric.ee\/en\/contact-us\/#breadcrumb\",\"itemListElement\":[{\"@type\":\"ListItem\",\"position\":1,\"name\":\"Home\",\"item\":\"https:\/\/prelive.digifabric.ee\/en\/homepage\/\"},{\"@type\":\"ListItem\",\"position\":2,\"name\":\"Contact Us\"}]},{\"@type\":\"WebSite\",\"@id\":\"https:\/\/prelive.digifabric.ee\/#website\",\"url\":\"https:\/\/prelive.digifabric.ee\/\",\"name\":\"Digifabric - Digitr\u00fcki t\u00f6\u00f6koda\",\"description\":\"\",\"publisher\":{\"@id\":\"https:\/\/prelive.digifabric.ee\/#organization\"},\"potentialAction\":[{\"@type\":\"SearchAction\",\"target\":{\"@type\":\"EntryPoint\",\"urlTemplate\":\"https:\/\/prelive.digifabric.ee\/?s={search_term_string}\"},\"query-input\":{\"@type\":\"PropertyValueSpecification\",\"valueRequired\":true,\"valueName\":\"search_term_string\"}}],\"inLanguage\":\"en-US\"},{\"@type\":\"Organization\",\"@id\":\"https:\/\/prelive.digifabric.ee\/#organization\",\"name\":\"Digifabric - Digitr\u00fcki t\u00f6\u00f6koda\",\"url\":\"https:\/\/prelive.digifabric.ee\/\",\"logo\":{\"@type\":\"ImageObject\",\"inLanguage\":\"en-US\",\"@id\":\"https:\/\/prelive.digifabric.ee\/#\/schema\/logo\/image\/\",\"url\":\"https:\/\/prelive.digifabric.ee\/wp-content\/uploads\/2025\/02\/LOGO-2-e1739801915824.png\",\"contentUrl\":\"https:\/\/prelive.digifabric.ee\/wp-content\/uploads\/2025\/02\/LOGO-2-e1739801915824.png\",\"width\":2160,\"height\":1577,\"caption\":\"Digifabric - Digitr\u00fcki t\u00f6\u00f6koda\"},\"image\":{\"@id\":\"https:\/\/prelive.digifabric.ee\/#\/schema\/logo\/image\/\"}}]}<\/script>\n<!-- \/ Yoast SEO plugin. -->","yoast_head_json":{"title":"Contact Us - Digifabric - Digitr\u00fcki t\u00f6\u00f6koda","robots":{"index":"noindex","follow":"follow","max-snippet":"max-snippet:-1","max-image-preview":"max-image-preview:large","max-video-preview":"max-video-preview:-1"},"og_locale":"en_US","og_type":"article","og_title":"Contact Us - Digifabric - Digitr\u00fcki t\u00f6\u00f6koda","og_description":"[vc_row equal_height=&#8221;yes&#8221; css_animation=&#8221;none&#8221; responsive_tabs_advanced=&#8221;mobile&#8221; css=&#8221;.vc_custom_1743618622355{margin-right: -50px !important;margin-left: -50px !important;}&#8221; woodmart_css_id=&#8221;67ed8229e5207&#8243; responsive_spacing=&#8221;eyJwYXJhbV90eXBlIjoid29vZG1hcnRfcmVzcG9uc2l2ZV9zcGFjaW5nIiwic2VsZWN0b3JfaWQiOiI2N2VkODIyOWU1MjA3Iiwic2hvcnRjb2RlIjoidmNfcm93IiwiZGF0YSI6eyJ0YWJsZXQiOnt9LCJtb2JpbGUiOnt9fX0=&#8221; mobile_bg_img_hidden=&#8221;no&#8221; tablet_bg_img_hidden=&#8221;no&#8221; woodmart_parallax=&#8221;0&#8243; woodmart_gradient_switch=&#8221;no&#8221; woodmart_box_shadow=&#8221;no&#8221; wd_z_index=&#8221;no&#8221; woodmart_disable_overflow=&#8221;0&#8243; row_reverse_mobile=&#8221;1&#8243; row_reverse_tablet=&#8221;1&#8243;][vc_column","og_url":"https:\/\/prelive.digifabric.ee\/en\/contact-us\/","og_site_name":"Digifabric - Digitr\u00fcki t\u00f6\u00f6koda","article_modified_time":"2025-04-06T09:53:12+00:00","twitter_card":"summary_large_image","twitter_misc":{"Est. reading time":"4 minutes"},"schema":{"@context":"https:\/\/schema.org","@graph":[{"@type":"WebPage","@id":"https:\/\/prelive.digifabric.ee\/en\/contact-us\/","url":"https:\/\/prelive.digifabric.ee\/en\/contact-us\/","name":"Contact Us - Digifabric - Digitr\u00fcki t\u00f6\u00f6koda","isPartOf":{"@id":"https:\/\/prelive.digifabric.ee\/#website"},"datePublished":"2021-08-25T07:00:10+00:00","dateModified":"2025-04-06T09:53:12+00:00","breadcrumb":{"@id":"https:\/\/prelive.digifabric.ee\/en\/contact-us\/#breadcrumb"},"inLanguage":"en-US","potentialAction":[{"@type":"ReadAction","target":["https:\/\/prelive.digifabric.ee\/en\/contact-us\/"]}]},{"@type":"BreadcrumbList","@id":"https:\/\/prelive.digifabric.ee\/en\/contact-us\/#breadcrumb","itemListElement":[{"@type":"ListItem","position":1,"name":"Home","item":"https:\/\/prelive.digifabric.ee\/en\/homepage\/"},{"@type":"ListItem","position":2,"name":"Contact Us"}]},{"@type":"WebSite","@id":"https:\/\/prelive.digifabric.ee\/#website","url":"https:\/\/prelive.digifabric.ee\/","name":"Digifabric - Digitr\u00fcki t\u00f6\u00f6koda","description":"","publisher":{"@id":"https:\/\/prelive.digifabric.ee\/#organization"},"potentialAction":[{"@type":"SearchAction","target":{"@type":"EntryPoint","urlTemplate":"https:\/\/prelive.digifabric.ee\/?s={search_term_string}"},"query-input":{"@type":"PropertyValueSpecification","valueRequired":true,"valueName":"search_term_string"}}],"inLanguage":"en-US"},{"@type":"Organization","@id":"https:\/\/prelive.digifabric.ee\/#organization","name":"Digifabric - Digitr\u00fcki t\u00f6\u00f6koda","url":"https:\/\/prelive.digifabric.ee\/","logo":{"@type":"ImageObject","inLanguage":"en-US","@id":"https:\/\/prelive.digifabric.ee\/#\/schema\/logo\/image\/","url":"https:\/\/prelive.digifabric.ee\/wp-content\/uploads\/2025\/02\/LOGO-2-e1739801915824.png","contentUrl":"https:\/\/prelive.digifabric.ee\/wp-content\/uploads\/2025\/02\/LOGO-2-e1739801915824.png","width":2160,"height":1577,"caption":"Digifabric - Digitr\u00fcki t\u00f6\u00f6koda"},"image":{"@id":"https:\/\/prelive.digifabric.ee\/#\/schema\/logo\/image\/"}}]}},"_links":{"self":[{"href":"https:\/\/prelive.digifabric.ee\/en\/wp-json\/wp\/v2\/pages\/11337","targetHints":{"allow":["GET"]}}],"collection":[{"href":"https:\/\/prelive.digifabric.ee\/en\/wp-json\/wp\/v2\/pages"}],"about":[{"href":"https:\/\/prelive.digifabric.ee\/en\/wp-json\/wp\/v2\/types\/page"}],"author":[{"embeddable":true,"href":"https:\/\/prelive.digifabric.ee\/en\/wp-json\/wp\/v2\/users\/1"}],"replies":[{"embeddable":true,"href":"https:\/\/prelive.digifabric.ee\/en\/wp-json\/wp\/v2\/comments?post=11337"}],"version-history":[{"count":4,"href":"https:\/\/prelive.digifabric.ee\/en\/wp-json\/wp\/v2\/pages\/11337\/revisions"}],"predecessor-version":[{"id":11443,"href":"https:\/\/prelive.digifabric.ee\/en\/wp-json\/wp\/v2\/pages\/11337\/revisions\/11443"}],"wp:attachment":[{"href":"https:\/\/prelive.digifabric.ee\/en\/wp-json\/wp\/v2\/media?parent=11337"}],"curies":[{"name":"wp","href":"https:\/\/api.w.org\/{rel}","templated":true}]}}