{"id":11321,"date":"2025-01-27T11:19:39","date_gmt":"2025-01-27T09:19:39","guid":{"rendered":"https:\/\/prelive.digifabric.ee\/privacy-policy\/"},"modified":"2025-04-06T13:09:22","modified_gmt":"2025-04-06T11:09:22","slug":"privacy-policy","status":"publish","type":"page","link":"https:\/\/prelive.digifabric.ee\/en\/privacy-policy\/","title":{"rendered":"Privacy Policy"},"content":{"rendered":"<div class=\"wpb-content-wrapper\"><p>[vc_row][vc_column width=&#8221;1\/6&#8243;][\/vc_column][vc_column width=&#8221;2\/3&#8243;][vc_column_text css=&#8221;&#8221; woodmart_inline=&#8221;no&#8221; text_larger=&#8221;no&#8221;]<span style=\"font-weight: 400;\">By using the digifabric.ee website, you acknowledge that you have read and agreed to these principles and terms. We reserve the right to modify the general terms of the privacy policy if necessary, notifying all regular customers. However, we will do our best to keep our privacy policy up to date and accessible on our website.<\/span><\/p>\n<p><span style=\"font-weight: 400;\">By uploading your design and artwork to digifabric.ee, you grant us permission to use, store, and reproduce your design for the purpose of fulfilling your order.<\/span><\/p>\n<p><span style=\"font-weight: 400;\">Your design must not:<\/span><\/p>\n<p><span style=\"font-weight: 400;\">\u00a0\u00a0\u00a0\u00a0\u00a0\u00a0&#8211; Promote or depict criminal activity<\/span><br \/>\n<span style=\"font-weight: 400;\">\u00a0\u00a0\u00a0\u00a0\u00a0\u00a0&#8211; Violate or discriminate against racial or religious beliefs<\/span><br \/>\n<span style=\"font-weight: 400;\">\u00a0\u00a0\u00a0\u00a0\u00a0\u00a0&#8211; Contain pornographic content<\/span><\/p>\n<p><span style=\"font-weight: 400;\">All files you upload are used solely for the fulfillment of your order and are not accessible to third parties.<\/span><\/p>\n<p><span style=\"font-weight: 400;\">The responsible processor of customer personal data is Traux O\u00dc. For any questions regarding the privacy policy or data processing, please contact <\/span><a href=\"mailto:info@digifabric.ee\"><span style=\"font-weight: 400;\">info@digifabric.ee<\/span><\/a><span style=\"font-weight: 400;\">.<\/span><\/p>\n<p><span style=\"font-weight: 400;\">You always have the right to seek protection of your data by contacting the Data Protection Inspectorate or taking legal action. The Data Protection Inspectorate is a governmental body that provides assistance and consultation on matters related to personal data protection.<\/span>[\/vc_column_text][\/vc_column][vc_column width=&#8221;1\/6&#8243;][\/vc_column][\/vc_row]<\/p>\n<\/div>","protected":false},"excerpt":{"rendered":"<p>[vc_row][vc_column width=&#8221;1\/6&#8243;][\/vc_column][vc_column width=&#8221;2\/3&#8243;][vc_column_text css=&#8221;&#8221; woodmart_inline=&#8221;no&#8221; text_larger=&#8221;no&#8221;]By using the digifabric.ee website, you acknowledge that you have read and agreed to these<\/p>\n","protected":false},"author":1,"featured_media":0,"parent":0,"menu_order":0,"comment_status":"closed","ping_status":"closed","template":"","meta":{"_acf_changed":false,"footnotes":""},"class_list":["post-11321","page","type-page","status-publish","hentry"],"acf":[],"yoast_head":"<!-- This site is optimized with the Yoast SEO plugin v25.1 - https:\/\/yoast.com\/wordpress\/plugins\/seo\/ -->\n<title>Privacy Policy - Digifabric - Digitr\u00fcki t\u00f6\u00f6koda<\/title>\n<meta name=\"robots\" content=\"noindex, follow, max-snippet:-1, max-image-preview:large, max-video-preview:-1\" \/>\n<meta property=\"og:locale\" content=\"en_US\" \/>\n<meta property=\"og:type\" content=\"article\" \/>\n<meta property=\"og:title\" content=\"Privacy Policy - Digifabric - Digitr\u00fcki t\u00f6\u00f6koda\" \/>\n<meta property=\"og:description\" content=\"[vc_row][vc_column width=&#8221;1\/6&#8243;][\/vc_column][vc_column width=&#8221;2\/3&#8243;][vc_column_text css=&#8221;&#8221; woodmart_inline=&#8221;no&#8221; text_larger=&#8221;no&#8221;]By using the digifabric.ee website, you acknowledge that you have read and agreed to these\" \/>\n<meta property=\"og:url\" content=\"https:\/\/prelive.digifabric.ee\/en\/privacy-policy\/\" \/>\n<meta property=\"og:site_name\" content=\"Digifabric - Digitr\u00fcki t\u00f6\u00f6koda\" \/>\n<meta property=\"article:modified_time\" content=\"2025-04-06T11:09:22+00:00\" \/>\n<meta name=\"twitter:card\" content=\"summary_large_image\" \/>\n<meta name=\"twitter:label1\" content=\"Est. reading time\" \/>\n\t<meta name=\"twitter:data1\" content=\"1 minute\" \/>\n<script type=\"application\/ld+json\" class=\"yoast-schema-graph\">{\"@context\":\"https:\/\/schema.org\",\"@graph\":[{\"@type\":\"WebPage\",\"@id\":\"https:\/\/prelive.digifabric.ee\/en\/privacy-policy\/\",\"url\":\"https:\/\/prelive.digifabric.ee\/en\/privacy-policy\/\",\"name\":\"Privacy Policy - Digifabric - Digitr\u00fcki t\u00f6\u00f6koda\",\"isPartOf\":{\"@id\":\"https:\/\/prelive.digifabric.ee\/#website\"},\"datePublished\":\"2025-01-27T09:19:39+00:00\",\"dateModified\":\"2025-04-06T11:09:22+00:00\",\"breadcrumb\":{\"@id\":\"https:\/\/prelive.digifabric.ee\/en\/privacy-policy\/#breadcrumb\"},\"inLanguage\":\"en-US\",\"potentialAction\":[{\"@type\":\"ReadAction\",\"target\":[\"https:\/\/prelive.digifabric.ee\/en\/privacy-policy\/\"]}]},{\"@type\":\"BreadcrumbList\",\"@id\":\"https:\/\/prelive.digifabric.ee\/en\/privacy-policy\/#breadcrumb\",\"itemListElement\":[{\"@type\":\"ListItem\",\"position\":1,\"name\":\"Home\",\"item\":\"https:\/\/prelive.digifabric.ee\/en\/homepage\/\"},{\"@type\":\"ListItem\",\"position\":2,\"name\":\"Privacy Policy\"}]},{\"@type\":\"WebSite\",\"@id\":\"https:\/\/prelive.digifabric.ee\/#website\",\"url\":\"https:\/\/prelive.digifabric.ee\/\",\"name\":\"Digifabric - Digitr\u00fcki t\u00f6\u00f6koda\",\"description\":\"\",\"publisher\":{\"@id\":\"https:\/\/prelive.digifabric.ee\/#organization\"},\"potentialAction\":[{\"@type\":\"SearchAction\",\"target\":{\"@type\":\"EntryPoint\",\"urlTemplate\":\"https:\/\/prelive.digifabric.ee\/?s={search_term_string}\"},\"query-input\":{\"@type\":\"PropertyValueSpecification\",\"valueRequired\":true,\"valueName\":\"search_term_string\"}}],\"inLanguage\":\"en-US\"},{\"@type\":\"Organization\",\"@id\":\"https:\/\/prelive.digifabric.ee\/#organization\",\"name\":\"Digifabric - Digitr\u00fcki t\u00f6\u00f6koda\",\"url\":\"https:\/\/prelive.digifabric.ee\/\",\"logo\":{\"@type\":\"ImageObject\",\"inLanguage\":\"en-US\",\"@id\":\"https:\/\/prelive.digifabric.ee\/#\/schema\/logo\/image\/\",\"url\":\"https:\/\/prelive.digifabric.ee\/wp-content\/uploads\/2025\/02\/LOGO-2-e1739801915824.png\",\"contentUrl\":\"https:\/\/prelive.digifabric.ee\/wp-content\/uploads\/2025\/02\/LOGO-2-e1739801915824.png\",\"width\":2160,\"height\":1577,\"caption\":\"Digifabric - Digitr\u00fcki t\u00f6\u00f6koda\"},\"image\":{\"@id\":\"https:\/\/prelive.digifabric.ee\/#\/schema\/logo\/image\/\"}}]}<\/script>\n<!-- \/ Yoast SEO plugin. -->","yoast_head_json":{"title":"Privacy Policy - Digifabric - Digitr\u00fcki t\u00f6\u00f6koda","robots":{"index":"noindex","follow":"follow","max-snippet":"max-snippet:-1","max-image-preview":"max-image-preview:large","max-video-preview":"max-video-preview:-1"},"og_locale":"en_US","og_type":"article","og_title":"Privacy Policy - Digifabric - Digitr\u00fcki t\u00f6\u00f6koda","og_description":"[vc_row][vc_column width=&#8221;1\/6&#8243;][\/vc_column][vc_column width=&#8221;2\/3&#8243;][vc_column_text css=&#8221;&#8221; woodmart_inline=&#8221;no&#8221; text_larger=&#8221;no&#8221;]By using the digifabric.ee website, you acknowledge that you have read and agreed to these","og_url":"https:\/\/prelive.digifabric.ee\/en\/privacy-policy\/","og_site_name":"Digifabric - Digitr\u00fcki t\u00f6\u00f6koda","article_modified_time":"2025-04-06T11:09:22+00:00","twitter_card":"summary_large_image","twitter_misc":{"Est. reading time":"1 minute"},"schema":{"@context":"https:\/\/schema.org","@graph":[{"@type":"WebPage","@id":"https:\/\/prelive.digifabric.ee\/en\/privacy-policy\/","url":"https:\/\/prelive.digifabric.ee\/en\/privacy-policy\/","name":"Privacy Policy - Digifabric - Digitr\u00fcki t\u00f6\u00f6koda","isPartOf":{"@id":"https:\/\/prelive.digifabric.ee\/#website"},"datePublished":"2025-01-27T09:19:39+00:00","dateModified":"2025-04-06T11:09:22+00:00","breadcrumb":{"@id":"https:\/\/prelive.digifabric.ee\/en\/privacy-policy\/#breadcrumb"},"inLanguage":"en-US","potentialAction":[{"@type":"ReadAction","target":["https:\/\/prelive.digifabric.ee\/en\/privacy-policy\/"]}]},{"@type":"BreadcrumbList","@id":"https:\/\/prelive.digifabric.ee\/en\/privacy-policy\/#breadcrumb","itemListElement":[{"@type":"ListItem","position":1,"name":"Home","item":"https:\/\/prelive.digifabric.ee\/en\/homepage\/"},{"@type":"ListItem","position":2,"name":"Privacy Policy"}]},{"@type":"WebSite","@id":"https:\/\/prelive.digifabric.ee\/#website","url":"https:\/\/prelive.digifabric.ee\/","name":"Digifabric - Digitr\u00fcki t\u00f6\u00f6koda","description":"","publisher":{"@id":"https:\/\/prelive.digifabric.ee\/#organization"},"potentialAction":[{"@type":"SearchAction","target":{"@type":"EntryPoint","urlTemplate":"https:\/\/prelive.digifabric.ee\/?s={search_term_string}"},"query-input":{"@type":"PropertyValueSpecification","valueRequired":true,"valueName":"search_term_string"}}],"inLanguage":"en-US"},{"@type":"Organization","@id":"https:\/\/prelive.digifabric.ee\/#organization","name":"Digifabric - Digitr\u00fcki t\u00f6\u00f6koda","url":"https:\/\/prelive.digifabric.ee\/","logo":{"@type":"ImageObject","inLanguage":"en-US","@id":"https:\/\/prelive.digifabric.ee\/#\/schema\/logo\/image\/","url":"https:\/\/prelive.digifabric.ee\/wp-content\/uploads\/2025\/02\/LOGO-2-e1739801915824.png","contentUrl":"https:\/\/prelive.digifabric.ee\/wp-content\/uploads\/2025\/02\/LOGO-2-e1739801915824.png","width":2160,"height":1577,"caption":"Digifabric - Digitr\u00fcki t\u00f6\u00f6koda"},"image":{"@id":"https:\/\/prelive.digifabric.ee\/#\/schema\/logo\/image\/"}}]}},"_links":{"self":[{"href":"https:\/\/prelive.digifabric.ee\/en\/wp-json\/wp\/v2\/pages\/11321","targetHints":{"allow":["GET"]}}],"collection":[{"href":"https:\/\/prelive.digifabric.ee\/en\/wp-json\/wp\/v2\/pages"}],"about":[{"href":"https:\/\/prelive.digifabric.ee\/en\/wp-json\/wp\/v2\/types\/page"}],"author":[{"embeddable":true,"href":"https:\/\/prelive.digifabric.ee\/en\/wp-json\/wp\/v2\/users\/1"}],"replies":[{"embeddable":true,"href":"https:\/\/prelive.digifabric.ee\/en\/wp-json\/wp\/v2\/comments?post=11321"}],"version-history":[{"count":4,"href":"https:\/\/prelive.digifabric.ee\/en\/wp-json\/wp\/v2\/pages\/11321\/revisions"}],"predecessor-version":[{"id":11683,"href":"https:\/\/prelive.digifabric.ee\/en\/wp-json\/wp\/v2\/pages\/11321\/revisions\/11683"}],"wp:attachment":[{"href":"https:\/\/prelive.digifabric.ee\/en\/wp-json\/wp\/v2\/media?parent=11321"}],"curies":[{"name":"wp","href":"https:\/\/api.w.org\/{rel}","templated":true}]}}